{"id":512,"date":"2021-02-20T16:31:53","date_gmt":"2021-02-20T15:31:53","guid":{"rendered":"http:\/\/master-patrimoine-culturel.fr\/campus-orleans-patrimoine\/?page_id=512"},"modified":"2021-06-14T21:26:44","modified_gmt":"2021-06-14T19:26:44","slug":"accueil","status":"publish","type":"page","link":"http:\/\/master-patrimoine-culturel.fr\/campus-orleans-patrimoine\/","title":{"rendered":"Accueil"},"content":{"rendered":"\n<p class=\"has-text-align-left has-black-color has-text-color\"><strong><em>Visite ta fac&nbsp;!<\/em> <\/strong>retrace l\u2019histoire de l\u2019Universit\u00e9 d\u2019Orl\u00e9ans de ses d\u00e9buts jusqu\u2019\u00e0 sa reconstruction dans les ann\u00e9es 1960. \u00c0 travers la pr\u00e9sentation des \u0153uvres artistiques et des b\u00e2timents pr\u00e9sents sur le campus, (re)d\u00e9couvrez ce lieu de vie, de passage, d&rsquo;\u00e9tude !<\/p>\n\n\n\n<p class=\"has-black-color has-text-color\">Par ce projet, l\u2019<strong><a href=\"http:\/\/master-patrimoine-culturel.fr\/campus-orleans-patrimoine\/index.php\/le-projet\/\"><em><span class=\"has-inline-color has-gold-color\">Association GLPC<\/span><\/em><\/a> <\/strong>propose \u00e0 chacun de renouveler son regard sur le campus. C\u2019est avec cette ambition originale que les membres ont cr\u00e9\u00e9 un site dans lequel vous trouverez les origines du projet, l\u2019histoire de l\u2019Universit\u00e9 et une<strong><a href=\"http:\/\/master-patrimoine-culturel.fr\/campus-orleans-patrimoine\/index.php\/la-carte-interactive\/\"> <em><span class=\"has-inline-color has-gold-color\">carte interactive<\/span><\/em><\/a><\/strong><span class=\"has-inline-color has-black-color\">.<\/span><\/p>\n\n\n\n<p class=\"has-black-color has-text-color\">C\u0153ur de notre site, cette carte permet une <strong>balade num\u00e9rique <\/strong>\u00e0 l\u2019Universit\u00e9 d\u2019Orl\u00e9ans. Au fil de cette promenade virtuelle, chacun peut ainsi d\u00e9couvrir les principaux \u00e9l\u00e9ments du patrimoine culturel du campus.<\/p>\n\n\n\n<p class=\"has-black-color has-text-color\">Dans un soucis d&rsquo;accessibilit\u00e9, l&rsquo;enti\u00e8ret\u00e9 du site est traduit en anglais. Il vous suffit de changer la langue dans le menu. Une version audio est disponible au d\u00e9but de chaque article.<\/p>\n\n\n\n<p class=\"has-text-align-center has-black-color has-text-color\">Cliquez et prenez un instant pour observer et en apprendre plus sur le campus !<\/p>\n\n\n<style>#jtg-2058 .modula-item .jtg-social a, .lightbox-socials.jtg-social a{ color: #ffffff }#jtg-2058 .modula-item .jtg-social svg, .lightbox-socials.jtg-social svg { height: 16px; width: 16px }#jtg-2058 .modula-item .jtg-social a:not(:last-child), .lightbox-socials.jtg-social a:not(:last-child) { margin-right: 10px }#jtg-2058 .modula-item .figc {color:#ffffff;}#jtg-2058 .modula-item .modula-item-content { transform: scale(1) }#jtg-2058 .modula-items .figc p.description { font-size:14px; }#jtg-2058 .modula-items .figc p.description { color:#ffffff;}#jtg-2058.modula-gallery .modula-item > a, #jtg-2058.modula-gallery .modula-item, #jtg-2058.modula-gallery .modula-item-content > a { cursor:zoom-in; } @media screen and (max-width:480px){#jtg-2058 .modula-item .figc .jtg-title {  font-size: 12px; }#jtg-2058 .modula-items .figc p.description { color:#ffffff;font-size:10px; }}<\/style>\n<!-- Gallery Container -->\n<div  id=\"jtg-2058\" class=\"modula modula-gallery modula-custom-grid\" data-config=\"{&quot;height&quot;:800,&quot;enableTwitter&quot;:false,&quot;enableWhatsapp&quot;:false,&quot;enableFacebook&quot;:false,&quot;enablePinterest&quot;:false,&quot;enableLinkedin&quot;:false,&quot;enableEmail&quot;:false,&quot;randomFactor&quot;:0.5,&quot;type&quot;:&quot;custom-grid&quot;,&quot;columns&quot;:12,&quot;gutter&quot;:10,&quot;mobileGutter&quot;:10,&quot;tabletGutter&quot;:10,&quot;desktopGutter&quot;:10,&quot;enableResponsive&quot;:&quot;0&quot;,&quot;tabletColumns&quot;:&quot;2&quot;,&quot;mobileColumns&quot;:&quot;1&quot;,&quot;lazyLoad&quot;:&quot;0&quot;,&quot;lightboxOpts&quot;:{&quot;loop&quot;:false,&quot;arrows&quot;:true,&quot;toolbar&quot;:true,&quot;keyboard&quot;:false,&quot;wheel&quot;:false,&quot;buttons&quot;:[&quot;close&quot;],&quot;hash&quot;:false,&quot;lang&quot;:&quot;en&quot;,&quot;touch&quot;:false,&quot;protect&quot;:false,&quot;i18n&quot;:{&quot;en&quot;:{&quot;CLOSE&quot;:&quot;Close&quot;,&quot;NEXT&quot;:&quot;Next&quot;,&quot;PREV&quot;:&quot;Previous&quot;,&quot;Error&quot;:&quot;The requested content cannot be loaded. Please try again later.&quot;,&quot;PLAY_START&quot;:&quot;Start slideshow&quot;,&quot;PLAY_STOP&quot;:&quot;Pause slideshow&quot;,&quot;FULL_SCREEN&quot;:&quot;Full screen&quot;,&quot;THUMBS&quot;:&quot;Thumbnails&quot;,&quot;DOWNLOAD&quot;:&quot;Download&quot;,&quot;SHARE&quot;:&quot;Share&quot;,&quot;ZOOM&quot;:&quot;Zoom&quot;}},&quot;clickSlide&quot;:false,&quot;clickOutside&quot;:false,&quot;dblclickContent&quot;:false,&quot;dblclickSlide&quot;:false,&quot;dblclickOutside&quot;:false,&quot;clickContent&quot;:false,&quot;baseTpl&quot;:&quot;&lt;div class=\\&quot;modula-fancybox-container modula-lightbox-jtg-2058\\&quot; role=\\&quot;dialog\\&quot; tabindex=\\&quot;-1\\&quot;&gt;&lt;div class=\\&quot;modula-fancybox-bg\\&quot;&gt;&lt;\\\/div&gt;&lt;div class=\\&quot;modula-fancybox-inner\\&quot;&gt;&lt;div class=\\&quot;modula-fancybox-infobar\\&quot;&gt;&lt;span data-fancybox-index&gt;&lt;\\\/span&gt;&nbsp;\\\/&nbsp;&lt;span data-fancybox-count&gt;&lt;\\\/span&gt;&lt;\\\/div&gt;&lt;div class=\\&quot;modula-fancybox-toolbar\\&quot;&gt;{{buttons}}&lt;\\\/div&gt;&lt;div class=\\&quot;modula-fancybox-navigation\\&quot;&gt;{{arrows}}&lt;\\\/div&gt;&lt;div class=\\&quot;modula-fancybox-stage\\&quot;&gt;&lt;\\\/div&gt;&lt;div class=\\&quot;modula-fancybox-caption\\&quot;&gt;&lt;div class=\\&quot;modula-fancybox-caption__body\\&quot;&gt;&lt;\\\/div&gt;&lt;\\\/div&gt;&lt;\\\/div&gt;&lt;\\\/div&gt;&quot;},&quot;inView&quot;:false,&quot;email_subject&quot;:&quot;Check out this awesome image !!&quot;,&quot;email_message&quot;:&quot;Here is the link to the image : %%image_link%% and this is the link to the gallery : %%gallery_link%%&quot;,&quot;lightbox&quot;:&quot;fancybox&quot;}\">\n\n\t\n\t<!-- Items Container -->\n\t<div  class=\"modula-items\">\n\t\t<div class=\"modula-item effect-pufrobo\" data-width=\"3\" data-height=\"3\" >\n\t<div class=\"modula-item-overlay\"><\/div>\n\n\t<div class=\"modula-item-content\">\n\n\t\t\t\t\n\t\t\t\t\t<a data-image-id=\"1779\" href=\"http:\/\/master-patrimoine-culturel.fr\/campus-orleans-patrimoine\/wp-content\/uploads\/2021\/04\/com_batdeg29-scaled.jpg\" rel=\"jtg-2058\" data-caption=\"\" class=\"tile-inner modula-item-link\"><\/a>\n\t\t\n\t\t\t\t<img class=\"pic\"  data-valign=\"middle\" data-halign=\"center\" alt=\"\" data-full=\"http:\/\/master-patrimoine-culturel.fr\/campus-orleans-patrimoine\/wp-content\/uploads\/2021\/04\/com_batdeg29.jpg\" title=\"com_batdeg29\" width=\"300\" height=\"200\" src=\"http:\/\/master-patrimoine-culturel.fr\/campus-orleans-patrimoine\/wp-content\/uploads\/2021\/04\/com_batdeg29-300x200.jpg\" data-src=\"http:\/\/master-patrimoine-culturel.fr\/campus-orleans-patrimoine\/wp-content\/uploads\/2021\/04\/com_batdeg29-300x200.jpg\" data-caption=\"\" srcset=\"http:\/\/master-patrimoine-culturel.fr\/campus-orleans-patrimoine\/wp-content\/uploads\/2021\/04\/com_batdeg29-scaled-300x200.jpg 300w, http:\/\/master-patrimoine-culturel.fr\/campus-orleans-patrimoine\/wp-content\/uploads\/2021\/04\/com_batdeg29-1024x683.jpg 1024w, http:\/\/master-patrimoine-culturel.fr\/campus-orleans-patrimoine\/wp-content\/uploads\/2021\/04\/com_batdeg29-768x512.jpg 768w, http:\/\/master-patrimoine-culturel.fr\/campus-orleans-patrimoine\/wp-content\/uploads\/2021\/04\/com_batdeg29-1536x1024.jpg 1536w, http:\/\/master-patrimoine-culturel.fr\/campus-orleans-patrimoine\/wp-content\/uploads\/2021\/04\/com_batdeg29-2048x1365.jpg 2048w\" sizes=\"(max-width: 300px) 100vw, 300px\" \/>\n\t\t\n\t\t<div class=\"figc no-description\">\n\t\t\t<div class=\"figc-inner\">\n\t\t\t\t\t\t\t\t\t\t\t\t\t\t\t<\/div>\n\t\t<\/div>\n\n\t<\/div>\n\n<\/div><div class=\"modula-item effect-pufrobo\" data-width=\"4\" data-height=\"2\" >\n\t<div class=\"modula-item-overlay\"><\/div>\n\n\t<div class=\"modula-item-content\">\n\n\t\t\t\t\n\t\t\t\t\t<a data-image-id=\"2065\" href=\"http:\/\/master-patrimoine-culturel.fr\/campus-orleans-patrimoine\/wp-content\/uploads\/2021\/04\/LAC-GALERIE.jpg\" rel=\"jtg-2058\" data-caption=\"\" class=\"tile-inner modula-item-link\"><\/a>\n\t\t\n\t\t\t\t<img class=\"pic\"  data-valign=\"middle\" data-halign=\"center\" alt=\"\" data-full=\"http:\/\/master-patrimoine-culturel.fr\/campus-orleans-patrimoine\/wp-content\/uploads\/2021\/04\/LAC-GALERIE.jpg\" title=\"LAC GALERIE\" width=\"300\" height=\"200\" src=\"http:\/\/master-patrimoine-culturel.fr\/campus-orleans-patrimoine\/wp-content\/uploads\/2021\/04\/LAC-GALERIE-300x200.jpg\" data-src=\"http:\/\/master-patrimoine-culturel.fr\/campus-orleans-patrimoine\/wp-content\/uploads\/2021\/04\/LAC-GALERIE-300x200.jpg\" data-caption=\"\" srcset=\"http:\/\/master-patrimoine-culturel.fr\/campus-orleans-patrimoine\/wp-content\/uploads\/2021\/04\/LAC-GALERIE-300x200.jpg 300w, http:\/\/master-patrimoine-culturel.fr\/campus-orleans-patrimoine\/wp-content\/uploads\/2021\/04\/LAC-GALERIE-1024x681.jpg 1024w, http:\/\/master-patrimoine-culturel.fr\/campus-orleans-patrimoine\/wp-content\/uploads\/2021\/04\/LAC-GALERIE-768x511.jpg 768w, http:\/\/master-patrimoine-culturel.fr\/campus-orleans-patrimoine\/wp-content\/uploads\/2021\/04\/LAC-GALERIE.jpg 1156w\" sizes=\"(max-width: 300px) 100vw, 300px\" \/>\n\t\t\n\t\t<div class=\"figc no-description\">\n\t\t\t<div class=\"figc-inner\">\n\t\t\t\t\t\t\t\t\t\t\t\t\t\t\t<\/div>\n\t\t<\/div>\n\n\t<\/div>\n\n<\/div><div class=\"modula-item effect-pufrobo\" data-width=\"3\" data-height=\"2\" >\n\t<div class=\"modula-item-overlay\"><\/div>\n\n\t<div class=\"modula-item-content\">\n\n\t\t\t\t\n\t\t\t\t\t<a data-image-id=\"1824\" href=\"http:\/\/master-patrimoine-culturel.fr\/campus-orleans-patrimoine\/wp-content\/uploads\/2021\/04\/cone-eloise-png-1-scaled.jpg\" rel=\"jtg-2058\" data-caption=\"\" class=\"tile-inner modula-item-link\"><\/a>\n\t\t\n\t\t\t\t<img class=\"pic\"  data-valign=\"middle\" data-halign=\"center\" alt=\"\" data-full=\"http:\/\/master-patrimoine-culturel.fr\/campus-orleans-patrimoine\/wp-content\/uploads\/2021\/04\/cone-eloise-png-1.jpg\" title=\"cone eloise png (1)\" width=\"300\" height=\"200\" src=\"http:\/\/master-patrimoine-culturel.fr\/campus-orleans-patrimoine\/wp-content\/uploads\/2021\/04\/cone-eloise-png-1-300x200.jpg\" data-src=\"http:\/\/master-patrimoine-culturel.fr\/campus-orleans-patrimoine\/wp-content\/uploads\/2021\/04\/cone-eloise-png-1-300x200.jpg\" data-caption=\"\" srcset=\"http:\/\/master-patrimoine-culturel.fr\/campus-orleans-patrimoine\/wp-content\/uploads\/2021\/04\/cone-eloise-png-1-scaled-300x200.jpg 300w, http:\/\/master-patrimoine-culturel.fr\/campus-orleans-patrimoine\/wp-content\/uploads\/2021\/04\/cone-eloise-png-1-1024x683.jpg 1024w, http:\/\/master-patrimoine-culturel.fr\/campus-orleans-patrimoine\/wp-content\/uploads\/2021\/04\/cone-eloise-png-1-768x512.jpg 768w, http:\/\/master-patrimoine-culturel.fr\/campus-orleans-patrimoine\/wp-content\/uploads\/2021\/04\/cone-eloise-png-1-1536x1024.jpg 1536w, http:\/\/master-patrimoine-culturel.fr\/campus-orleans-patrimoine\/wp-content\/uploads\/2021\/04\/cone-eloise-png-1-2048x1365.jpg 2048w\" sizes=\"(max-width: 300px) 100vw, 300px\" \/>\n\t\t\n\t\t<div class=\"figc no-description\">\n\t\t\t<div class=\"figc-inner\">\n\t\t\t\t\t\t\t\t\t\t\t\t\t\t\t<\/div>\n\t\t<\/div>\n\n\t<\/div>\n\n<\/div><div class=\"modula-item effect-pufrobo\" data-width=\"2\" data-height=\"2\" >\n\t<div class=\"modula-item-overlay\"><\/div>\n\n\t<div class=\"modula-item-content\">\n\n\t\t\t\t\n\t\t\t\t\t<a data-image-id=\"404\" href=\"http:\/\/master-patrimoine-culturel.fr\/campus-orleans-patrimoine\/wp-content\/uploads\/2021\/02\/cropped-Logo-GLPC.jpg\" rel=\"jtg-2058\" data-caption=\"\" class=\"tile-inner modula-item-link\"><\/a>\n\t\t\n\t\t\t\t<img class=\"pic\"  data-valign=\"middle\" data-halign=\"center\" alt=\"\" data-full=\"http:\/\/master-patrimoine-culturel.fr\/campus-orleans-patrimoine\/wp-content\/uploads\/2021\/02\/cropped-Logo-GLPC.jpg\" title=\"cropped-Logo-GLPC.jpg\" width=\"300\" height=\"295\" src=\"http:\/\/master-patrimoine-culturel.fr\/campus-orleans-patrimoine\/wp-content\/uploads\/2021\/02\/cropped-Logo-GLPC-300x295.jpg\" data-src=\"http:\/\/master-patrimoine-culturel.fr\/campus-orleans-patrimoine\/wp-content\/uploads\/2021\/02\/cropped-Logo-GLPC-300x295.jpg\" data-caption=\"\" srcset=\"http:\/\/master-patrimoine-culturel.fr\/campus-orleans-patrimoine\/wp-content\/uploads\/2021\/02\/cropped-Logo-GLPC-300x295.jpg 300w, http:\/\/master-patrimoine-culturel.fr\/campus-orleans-patrimoine\/wp-content\/uploads\/2021\/02\/cropped-Logo-GLPC.jpg 524w\" sizes=\"(max-width: 300px) 100vw, 300px\" \/>\n\t\t\n\t\t<div class=\"figc no-description\">\n\t\t\t<div class=\"figc-inner\">\n\t\t\t\t\t\t\t\t\t\t\t\t\t\t\t<\/div>\n\t\t<\/div>\n\n\t<\/div>\n\n<\/div><div class=\"modula-item effect-pufrobo\" data-width=\"6\" data-height=\"3\" >\n\t<div class=\"modula-item-overlay\"><\/div>\n\n\t<div class=\"modula-item-content\">\n\n\t\t\t\t\n\t\t\t\t\t<a data-image-id=\"2066\" href=\"http:\/\/master-patrimoine-culturel.fr\/campus-orleans-patrimoine\/wp-content\/uploads\/2021\/04\/LLSH-galerie-accueil.jpg\" rel=\"jtg-2058\" data-caption=\"\" class=\"tile-inner modula-item-link\"><\/a>\n\t\t\n\t\t\t\t<img class=\"pic\"  data-valign=\"middle\" data-halign=\"center\" alt=\"\" data-full=\"http:\/\/master-patrimoine-culturel.fr\/campus-orleans-patrimoine\/wp-content\/uploads\/2021\/04\/LLSH-galerie-accueil.jpg\" title=\"LLSH galerie accueil\" width=\"300\" height=\"189\" src=\"http:\/\/master-patrimoine-culturel.fr\/campus-orleans-patrimoine\/wp-content\/uploads\/2021\/04\/LLSH-galerie-accueil-300x189.jpg\" data-src=\"http:\/\/master-patrimoine-culturel.fr\/campus-orleans-patrimoine\/wp-content\/uploads\/2021\/04\/LLSH-galerie-accueil-300x189.jpg\" data-caption=\"\" srcset=\"http:\/\/master-patrimoine-culturel.fr\/campus-orleans-patrimoine\/wp-content\/uploads\/2021\/04\/LLSH-galerie-accueil-300x189.jpg 300w, http:\/\/master-patrimoine-culturel.fr\/campus-orleans-patrimoine\/wp-content\/uploads\/2021\/04\/LLSH-galerie-accueil.jpg 634w\" sizes=\"(max-width: 300px) 100vw, 300px\" \/>\n\t\t\n\t\t<div class=\"figc no-description\">\n\t\t\t<div class=\"figc-inner\">\n\t\t\t\t\t\t\t\t\t\t\t\t\t\t\t<\/div>\n\t\t<\/div>\n\n\t<\/div>\n\n<\/div><div class=\"modula-item effect-pufrobo\" data-width=\"3\" data-height=\"3\" >\n\t<div class=\"modula-item-overlay\"><\/div>\n\n\t<div class=\"modula-item-content\">\n\n\t\t\t\t\n\t\t\t\t\t<a data-image-id=\"2070\" href=\"http:\/\/master-patrimoine-culturel.fr\/campus-orleans-patrimoine\/wp-content\/uploads\/2021\/04\/DSC8681-scaled.jpg\" rel=\"jtg-2058\" data-caption=\"\" class=\"tile-inner modula-item-link\"><\/a>\n\t\t\n\t\t\t\t<img class=\"pic\"  data-valign=\"middle\" data-halign=\"center\" alt=\"\" data-full=\"http:\/\/master-patrimoine-culturel.fr\/campus-orleans-patrimoine\/wp-content\/uploads\/2021\/04\/DSC8681.jpg\" title=\"_DSC8681\" width=\"300\" height=\"200\" src=\"http:\/\/master-patrimoine-culturel.fr\/campus-orleans-patrimoine\/wp-content\/uploads\/2021\/04\/DSC8681-300x200.jpg\" data-src=\"http:\/\/master-patrimoine-culturel.fr\/campus-orleans-patrimoine\/wp-content\/uploads\/2021\/04\/DSC8681-300x200.jpg\" data-caption=\"\" srcset=\"http:\/\/master-patrimoine-culturel.fr\/campus-orleans-patrimoine\/wp-content\/uploads\/2021\/04\/DSC8681-scaled-300x200.jpg 300w, http:\/\/master-patrimoine-culturel.fr\/campus-orleans-patrimoine\/wp-content\/uploads\/2021\/04\/DSC8681-1024x683.jpg 1024w, http:\/\/master-patrimoine-culturel.fr\/campus-orleans-patrimoine\/wp-content\/uploads\/2021\/04\/DSC8681-768x512.jpg 768w, http:\/\/master-patrimoine-culturel.fr\/campus-orleans-patrimoine\/wp-content\/uploads\/2021\/04\/DSC8681-1536x1024.jpg 1536w, http:\/\/master-patrimoine-culturel.fr\/campus-orleans-patrimoine\/wp-content\/uploads\/2021\/04\/DSC8681-2048x1365.jpg 2048w\" sizes=\"(max-width: 300px) 100vw, 300px\" \/>\n\t\t\n\t\t<div class=\"figc no-description\">\n\t\t\t<div class=\"figc-inner\">\n\t\t\t\t\t\t\t\t\t\t\t\t\t\t\t<\/div>\n\t\t<\/div>\n\n\t<\/div>\n\n<\/div><div class=\"modula-item effect-pufrobo\" data-width=\"3\" data-height=\"2\" >\n\t<div class=\"modula-item-overlay\"><\/div>\n\n\t<div class=\"modula-item-content\">\n\n\t\t\t\t\n\t\t\t\t\t<a data-image-id=\"726\" href=\"http:\/\/master-patrimoine-culturel.fr\/campus-orleans-patrimoine\/wp-content\/uploads\/2021\/02\/IMG_20210203_110015-scaled.jpeg\" rel=\"jtg-2058\" data-caption=\"\" class=\"tile-inner modula-item-link\"><\/a>\n\t\t\n\t\t\t\t<img class=\"pic\"  data-valign=\"middle\" data-halign=\"center\" alt=\"La Chambre d&amp;#039;Amour\" data-full=\"http:\/\/master-patrimoine-culturel.fr\/campus-orleans-patrimoine\/wp-content\/uploads\/2021\/02\/IMG_20210203_110015.jpeg\" title=\"IMG_20210203_110015\" width=\"282\" height=\"300\" src=\"http:\/\/master-patrimoine-culturel.fr\/campus-orleans-patrimoine\/wp-content\/uploads\/2021\/02\/IMG_20210203_110015-282x300.jpeg\" data-src=\"http:\/\/master-patrimoine-culturel.fr\/campus-orleans-patrimoine\/wp-content\/uploads\/2021\/02\/IMG_20210203_110015-282x300.jpeg\" data-caption=\"\" srcset=\"http:\/\/master-patrimoine-culturel.fr\/campus-orleans-patrimoine\/wp-content\/uploads\/2021\/02\/IMG_20210203_110015-scaled-282x300.jpeg 282w, http:\/\/master-patrimoine-culturel.fr\/campus-orleans-patrimoine\/wp-content\/uploads\/2021\/02\/IMG_20210203_110015-962x1024.jpeg 962w, http:\/\/master-patrimoine-culturel.fr\/campus-orleans-patrimoine\/wp-content\/uploads\/2021\/02\/IMG_20210203_110015-768x818.jpeg 768w, http:\/\/master-patrimoine-culturel.fr\/campus-orleans-patrimoine\/wp-content\/uploads\/2021\/02\/IMG_20210203_110015-1443x1536.jpeg 1443w, http:\/\/master-patrimoine-culturel.fr\/campus-orleans-patrimoine\/wp-content\/uploads\/2021\/02\/IMG_20210203_110015-1924x2048.jpeg 1924w\" sizes=\"(max-width: 282px) 100vw, 282px\" \/>\n\t\t\n\t\t<div class=\"figc no-description\">\n\t\t\t<div class=\"figc-inner\">\n\t\t\t\t\t\t\t\t\t\t\t\t\t\t\t<\/div>\n\t\t<\/div>\n\n\t<\/div>\n\n<\/div>\t\t\n\t<\/div>\n\n\t\n\t\n\t<script type=\"application\/ld+json\">\n\t{\n\t\t\"@context\": \"http:\/\/schema.org\",\n\t\t\"@type\"   : \"ImageGallery\",\n\t\t\"id\"      : \"http:\/\/master-patrimoine-culturel.fr\/campus-orleans-patrimoine\/wp-json\/wp\/v2\/pages\/512\",\n\t\t\"url\"     : \"http:\/\/master-patrimoine-culturel.fr\/campus-orleans-patrimoine\/wp-json\/wp\/v2\/pages\/512\"\n\t}\n\n    <\/script>\n\n\t\n<\/div>\n\n\n<p class=\"has-text-align-center\"> \u00a9Florent Bourget &#8211; \u00a9 Elo\u00efse Puygrenier<\/p>\n\n\n\n<p class=\"has-text-align-center has-black-color has-text-color\"><strong>Suivez-nous sur les r\u00e9seaux sociaux :<\/strong><\/p>\n\n\n\n<ul class=\"wp-block-social-links aligncenter is-style-logos-only\"><li class=\"wp-social-link wp-social-link-facebook wp-block-social-link\"><a href=\"https:\/\/www.facebook.com\/associationglpc\" aria-label=\"Facebook\" rel=\"noopener nofollow\" target=\"_blank\"> <svg width=\"24\" height=\"24\" viewBox=\"0 0 24 24\" version=\"1.1\" xmlns=\"http:\/\/www.w3.org\/2000\/svg\" role=\"img\" aria-hidden=\"true\" focusable=\"false\"><path d=\"M12 2C6.5 2 2 6.5 2 12c0 5 3.7 9.1 8.4 9.9v-7H7.9V12h2.5V9.8c0-2.5 1.5-3.9 3.8-3.9 1.1 0 2.2.2 2.2.2v2.5h-1.3c-1.2 0-1.6.8-1.6 1.6V12h2.8l-.4 2.9h-2.3v7C18.3 21.1 22 17 22 12c0-5.5-4.5-10-10-10z\"><\/path><\/svg><\/a><\/li>\n\n<li class=\"wp-social-link wp-social-link-instagram wp-block-social-link\"><a href=\"https:\/\/www.instagram.com\/asso.glpc\/?hl=fr\" aria-label=\"Instagram\" rel=\"noopener nofollow\" target=\"_blank\"> <svg width=\"24\" height=\"24\" viewBox=\"0 0 24 24\" version=\"1.1\" xmlns=\"http:\/\/www.w3.org\/2000\/svg\" role=\"img\" aria-hidden=\"true\" focusable=\"false\"><path d=\"M12,4.622c2.403,0,2.688,0.009,3.637,0.052c0.877,0.04,1.354,0.187,1.671,0.31c0.42,0.163,0.72,0.358,1.035,0.673 c0.315,0.315,0.51,0.615,0.673,1.035c0.123,0.317,0.27,0.794,0.31,1.671c0.043,0.949,0.052,1.234,0.052,3.637 s-0.009,2.688-0.052,3.637c-0.04,0.877-0.187,1.354-0.31,1.671c-0.163,0.42-0.358,0.72-0.673,1.035 c-0.315,0.315-0.615,0.51-1.035,0.673c-0.317,0.123-0.794,0.27-1.671,0.31c-0.949,0.043-1.233,0.052-3.637,0.052 s-2.688-0.009-3.637-0.052c-0.877-0.04-1.354-0.187-1.671-0.31c-0.42-0.163-0.72-0.358-1.035-0.673 c-0.315-0.315-0.51-0.615-0.673-1.035c-0.123-0.317-0.27-0.794-0.31-1.671C4.631,14.688,4.622,14.403,4.622,12 s0.009-2.688,0.052-3.637c0.04-0.877,0.187-1.354,0.31-1.671c0.163-0.42,0.358-0.72,0.673-1.035 c0.315-0.315,0.615-0.51,1.035-0.673c0.317-0.123,0.794-0.27,1.671-0.31C9.312,4.631,9.597,4.622,12,4.622 M12,3 C9.556,3,9.249,3.01,8.289,3.054C7.331,3.098,6.677,3.25,6.105,3.472C5.513,3.702,5.011,4.01,4.511,4.511 c-0.5,0.5-0.808,1.002-1.038,1.594C3.25,6.677,3.098,7.331,3.054,8.289C3.01,9.249,3,9.556,3,12c0,2.444,0.01,2.751,0.054,3.711 c0.044,0.958,0.196,1.612,0.418,2.185c0.23,0.592,0.538,1.094,1.038,1.594c0.5,0.5,1.002,0.808,1.594,1.038 c0.572,0.222,1.227,0.375,2.185,0.418C9.249,20.99,9.556,21,12,21s2.751-0.01,3.711-0.054c0.958-0.044,1.612-0.196,2.185-0.418 c0.592-0.23,1.094-0.538,1.594-1.038c0.5-0.5,0.808-1.002,1.038-1.594c0.222-0.572,0.375-1.227,0.418-2.185 C20.99,14.751,21,14.444,21,12s-0.01-2.751-0.054-3.711c-0.044-0.958-0.196-1.612-0.418-2.185c-0.23-0.592-0.538-1.094-1.038-1.594 c-0.5-0.5-1.002-0.808-1.594-1.038c-0.572-0.222-1.227-0.375-2.185-0.418C14.751,3.01,14.444,3,12,3L12,3z M12,7.378 c-2.552,0-4.622,2.069-4.622,4.622S9.448,16.622,12,16.622s4.622-2.069,4.622-4.622S14.552,7.378,12,7.378z M12,15 c-1.657,0-3-1.343-3-3s1.343-3,3-3s3,1.343,3,3S13.657,15,12,15z M16.804,6.116c-0.596,0-1.08,0.484-1.08,1.08 s0.484,1.08,1.08,1.08c0.596,0,1.08-0.484,1.08-1.08S17.401,6.116,16.804,6.116z\"><\/path><\/svg><\/a><\/li>\n\n<li class=\"wp-social-link wp-social-link-linkedin wp-block-social-link\"><a href=\"https:\/\/www.linkedin.com\/company\/m2-droit-public-gestion-locale-du-patrimoine-culturel\/?viewAsMember=true\" aria-label=\"LinkedIn\" rel=\"noopener nofollow\" target=\"_blank\"> <svg width=\"24\" height=\"24\" viewBox=\"0 0 24 24\" version=\"1.1\" xmlns=\"http:\/\/www.w3.org\/2000\/svg\" role=\"img\" aria-hidden=\"true\" focusable=\"false\"><path d=\"M19.7,3H4.3C3.582,3,3,3.582,3,4.3v15.4C3,20.418,3.582,21,4.3,21h15.4c0.718,0,1.3-0.582,1.3-1.3V4.3 C21,3.582,20.418,3,19.7,3z M8.339,18.338H5.667v-8.59h2.672V18.338z M7.004,8.574c-0.857,0-1.549-0.694-1.549-1.548 c0-0.855,0.691-1.548,1.549-1.548c0.854,0,1.547,0.694,1.547,1.548C8.551,7.881,7.858,8.574,7.004,8.574z M18.339,18.338h-2.669 v-4.177c0-0.996-0.017-2.278-1.387-2.278c-1.389,0-1.601,1.086-1.601,2.206v4.249h-2.667v-8.59h2.559v1.174h0.037 c0.356-0.675,1.227-1.387,2.526-1.387c2.703,0,3.203,1.779,3.203,4.092V18.338z\"><\/path><\/svg><\/a><\/li><\/ul>\n","protected":false},"excerpt":{"rendered":"<p>Visite ta fac&nbsp;! retrace l\u2019histoire de l\u2019Universit\u00e9 d\u2019Orl\u00e9ans de ses d\u00e9buts jusqu\u2019\u00e0 sa reconstruction dans les ann\u00e9es 1960. \u00c0 travers la pr\u00e9sentation des \u0153uvres artistiques et des b\u00e2timents pr\u00e9sents sur<a href=\"http:\/\/master-patrimoine-culturel.fr\/campus-orleans-patrimoine\/\" class=\"more-link\"><span class=\"readmore\">Continue reading<span class=\"screen-reader-text\">Accueil<\/span><\/span><\/a><\/p>\n","protected":false},"author":11,"featured_media":0,"parent":0,"menu_order":0,"comment_status":"closed","ping_status":"closed","template":"","meta":[],"_links":{"self":[{"href":"http:\/\/master-patrimoine-culturel.fr\/campus-orleans-patrimoine\/index.php\/wp-json\/wp\/v2\/pages\/512"}],"collection":[{"href":"http:\/\/master-patrimoine-culturel.fr\/campus-orleans-patrimoine\/index.php\/wp-json\/wp\/v2\/pages"}],"about":[{"href":"http:\/\/master-patrimoine-culturel.fr\/campus-orleans-patrimoine\/index.php\/wp-json\/wp\/v2\/types\/page"}],"author":[{"embeddable":true,"href":"http:\/\/master-patrimoine-culturel.fr\/campus-orleans-patrimoine\/index.php\/wp-json\/wp\/v2\/users\/11"}],"replies":[{"embeddable":true,"href":"http:\/\/master-patrimoine-culturel.fr\/campus-orleans-patrimoine\/index.php\/wp-json\/wp\/v2\/comments?post=512"}],"version-history":[{"count":74,"href":"http:\/\/master-patrimoine-culturel.fr\/campus-orleans-patrimoine\/index.php\/wp-json\/wp\/v2\/pages\/512\/revisions"}],"predecessor-version":[{"id":2574,"href":"http:\/\/master-patrimoine-culturel.fr\/campus-orleans-patrimoine\/index.php\/wp-json\/wp\/v2\/pages\/512\/revisions\/2574"}],"wp:attachment":[{"href":"http:\/\/master-patrimoine-culturel.fr\/campus-orleans-patrimoine\/index.php\/wp-json\/wp\/v2\/media?parent=512"}],"curies":[{"name":"wp","href":"https:\/\/api.w.org\/{rel}","templated":true}]}}