{"id":107,"date":"2022-10-17T15:27:50","date_gmt":"2022-10-17T13:27:50","guid":{"rendered":"http:\/\/master-patrimoine-culturel.fr\/fr\/?page_id=107"},"modified":"2022-11-14T14:56:29","modified_gmt":"2022-11-14T13:56:29","slug":"memoires","status":"publish","type":"page","link":"http:\/\/master-patrimoine-culturel.fr\/fr\/index.php\/memoires\/","title":{"rendered":"M\u00e9moires"},"content":{"rendered":"\n<p><\/p>\n\n\n\n<p><\/p>\n\n\n\n<p class=\"has-gold-color has-text-color\" style=\"font-size:25px\">2017- 2018<\/p>\n\n\n\n<ul><li>Connaitre ses publics, l&rsquo;enjeu des lieux de spectacle vivant : le cas de la sc\u00e8ne nationale d&rsquo;Orl\u00e9ans<\/li><li>D\u00e9veloppement du r\u00e9seau GLPC &amp; la mise en place d&rsquo;outils de valorisation du master<\/li><\/ul>\n\n\n\n<p><\/p>\n\n\n\n<p class=\"has-gold-color has-text-color\" style=\"font-size:25px\">2015 &#8211; 2016<\/p>\n\n\n\n<ul><li>\u00c9tude pr\u00e9alable d&rsquo;inventaire &amp; de valorisation du patrimoine universitaire du campus d&rsquo;Orl\u00e9ans<\/li><\/ul>\n\n\n\n<p><\/p>\n\n\n\n<p class=\"has-gold-color has-text-color\" style=\"font-size:25px\">2014 &#8211; 2015<\/p>\n\n\n\n<ul><li>Les labels du patrimoine culturel<\/li><li>Le label VPAH<\/li><\/ul>\n\n\n\n<p><\/p>\n\n\n\n<p class=\"has-gold-color has-text-color\" style=\"font-size:25px\">2013 &#8211; 2014<\/p>\n\n\n\n<ul><li>Le renouvellement des supports de communication du master GLPC : faire conna\u00eetre la formation et argumenter sa valeur dans un contexte concurrentiel<\/li><li>Les formations universitaires \u00e0 l&rsquo;Art, la Culture &amp; au Patrimoine<\/li><\/ul>\n\n\n\n<p><\/p>\n\n\n\n<p class=\"has-gold-color has-text-color\" style=\"font-size:25px\">2012 &#8211; 2013<\/p>\n\n\n\n<ul><li>\u00c9tude sur la perception de l&rsquo;offre culturelle de Saint Jean de Braye aupr\u00e8s de la population locale<\/li><\/ul>\n","protected":false},"excerpt":{"rendered":"<p>2017- 2018 Connaitre ses publics, l&rsquo;enjeu des lieux de spectacle vivant : le cas de la sc\u00e8ne nationale d&rsquo;Orl\u00e9ans D\u00e9veloppement du r\u00e9seau GLPC &amp; la mise en place d&rsquo;outils de<a href=\"http:\/\/master-patrimoine-culturel.fr\/fr\/index.php\/memoires\/\" class=\"more-link\"><span class=\"readmore\">Continue reading<span class=\"screen-reader-text\">M\u00e9moires<\/span><\/span><\/a><\/p>\n","protected":false},"author":14,"featured_media":0,"parent":0,"menu_order":0,"comment_status":"closed","ping_status":"closed","template":"","meta":[],"_links":{"self":[{"href":"http:\/\/master-patrimoine-culturel.fr\/fr\/index.php\/wp-json\/wp\/v2\/pages\/107"}],"collection":[{"href":"http:\/\/master-patrimoine-culturel.fr\/fr\/index.php\/wp-json\/wp\/v2\/pages"}],"about":[{"href":"http:\/\/master-patrimoine-culturel.fr\/fr\/index.php\/wp-json\/wp\/v2\/types\/page"}],"author":[{"embeddable":true,"href":"http:\/\/master-patrimoine-culturel.fr\/fr\/index.php\/wp-json\/wp\/v2\/users\/14"}],"replies":[{"embeddable":true,"href":"http:\/\/master-patrimoine-culturel.fr\/fr\/index.php\/wp-json\/wp\/v2\/comments?post=107"}],"version-history":[{"count":11,"href":"http:\/\/master-patrimoine-culturel.fr\/fr\/index.php\/wp-json\/wp\/v2\/pages\/107\/revisions"}],"predecessor-version":[{"id":403,"href":"http:\/\/master-patrimoine-culturel.fr\/fr\/index.php\/wp-json\/wp\/v2\/pages\/107\/revisions\/403"}],"wp:attachment":[{"href":"http:\/\/master-patrimoine-culturel.fr\/fr\/index.php\/wp-json\/wp\/v2\/media?parent=107"}],"curies":[{"name":"wp","href":"https:\/\/api.w.org\/{rel}","templated":true}]}}