{"id":12,"date":"2022-10-17T11:52:35","date_gmt":"2022-10-17T09:52:35","guid":{"rendered":"http:\/\/master-patrimoine-culturel.fr\/fr\/?page_id=12"},"modified":"2026-03-18T15:50:43","modified_gmt":"2026-03-18T14:50:43","slug":"le-master-glpc","status":"publish","type":"page","link":"http:\/\/master-patrimoine-culturel.fr\/fr\/index.php\/le-master-glpc\/","title":{"rendered":"Master GDPC"},"content":{"rendered":"\n<div class=\"wp-block-media-text is-stacked-on-mobile is-vertically-aligned-top\" style=\"grid-template-columns:44% auto\"><figure class=\"wp-block-media-text__media\"><img loading=\"lazy\" width=\"929\" height=\"327\" src=\"http:\/\/master-patrimoine-culturel.fr\/fr\/wp-content\/uploads\/2022\/10\/martroi1.jpg\" alt=\"\" class=\"wp-image-13 size-full\" srcset=\"http:\/\/master-patrimoine-culturel.fr\/fr\/wp-content\/uploads\/2022\/10\/martroi1.jpg 929w, http:\/\/master-patrimoine-culturel.fr\/fr\/wp-content\/uploads\/2022\/10\/martroi1-300x106.jpg 300w, http:\/\/master-patrimoine-culturel.fr\/fr\/wp-content\/uploads\/2022\/10\/martroi1-768x270.jpg 768w\" sizes=\"(max-width: 929px) 100vw, 929px\" \/><\/figure><div class=\"wp-block-media-text__content\">\n<h1><a href=\"http:\/\/master-patrimoine-culturel.fr\/presentationMaster\">Description du master 2024-2029<\/a><\/h1>\n\n\n\n<p><\/p>\n\n\n\n<p>Pour les candidatures en master 2 : <a href=\"https:\/\/ecandidat.univ-orleans.fr\/\">https:\/\/ecandidat.univ-orleans.fr\/<\/a><\/p>\n\n\n\n<p>Pour les candidatures en master 1 : <a href=\"https:\/\/www.monmaster.gouv.fr\/\">https:\/\/www.monmaster.gouv.fr\/<\/a><\/p>\n\n\n\n<p><br>La formation vise \u00e0 former des cadres responsables des diff\u00e9rents aspects de la gestion publique en mati\u00e8re de patrimoine culturel. Elle est ouverte en apprentissage depuis 2005 (concernant les \u00e9tudiants de moins de 30 ANS), en formation initiale et en formation continue.<\/p>\n\n\n\n<h2>Objectifs<\/h2>\n\n\n\n<ul><li>&nbsp;Donner une solide formation aux \u00e9tudiants qui souhaitent se consacrer \u00e0 la gestion du patrimoine culturel dans des collectivit\u00e9s locales ou dans des organismes priv\u00e9s.<\/li><li>&nbsp;Permettre \u00e0 ceux qui exercent d\u00e9j\u00e0 des responsabilit\u00e9s dans ce domaine d\u2019actualiser et faire reconna\u00eetre leur exp\u00e9rience. L\u2019originalit\u00e9 de cette formation tient \u00e0 la part qui est faite \u00e0 la gestion financi\u00e8re, comptable, et op\u00e9rationnelle du patrimoine culturel, \u00e0 c\u00f4t\u00e9 des apprentissages plus classiques sur son histoire, son encadrement juridique et institutionnel et son r\u00f4le dans l\u2019am\u00e9nagement du territoire. Le d\u00e9veloppement \u00e9conomique, la politique culturelle, l\u2019\u00e9tude des publics et les s\u00e9minaires sp\u00e9cialis\u00e9s compl\u00e8tent le programme.<\/li><\/ul>\n<\/div><\/div>\n\n\n\n<p><\/p>\n","protected":false},"excerpt":{"rendered":"<p>Description du master 2024-2029 Pour les candidatures en master 2 : https:\/\/ecandidat.univ-orleans.fr\/ Pour les candidatures en master 1 : https:\/\/www.monmaster.gouv.fr\/ La formation vise \u00e0 former des cadres responsables des diff\u00e9rents<a href=\"http:\/\/master-patrimoine-culturel.fr\/fr\/index.php\/le-master-glpc\/\" class=\"more-link\"><span class=\"readmore\">Continue reading<span class=\"screen-reader-text\">Master GDPC<\/span><\/span><\/a><\/p>\n","protected":false},"author":1,"featured_media":0,"parent":0,"menu_order":0,"comment_status":"closed","ping_status":"closed","template":"","meta":[],"_links":{"self":[{"href":"http:\/\/master-patrimoine-culturel.fr\/fr\/index.php\/wp-json\/wp\/v2\/pages\/12"}],"collection":[{"href":"http:\/\/master-patrimoine-culturel.fr\/fr\/index.php\/wp-json\/wp\/v2\/pages"}],"about":[{"href":"http:\/\/master-patrimoine-culturel.fr\/fr\/index.php\/wp-json\/wp\/v2\/types\/page"}],"author":[{"embeddable":true,"href":"http:\/\/master-patrimoine-culturel.fr\/fr\/index.php\/wp-json\/wp\/v2\/users\/1"}],"replies":[{"embeddable":true,"href":"http:\/\/master-patrimoine-culturel.fr\/fr\/index.php\/wp-json\/wp\/v2\/comments?post=12"}],"version-history":[{"count":10,"href":"http:\/\/master-patrimoine-culturel.fr\/fr\/index.php\/wp-json\/wp\/v2\/pages\/12\/revisions"}],"predecessor-version":[{"id":843,"href":"http:\/\/master-patrimoine-culturel.fr\/fr\/index.php\/wp-json\/wp\/v2\/pages\/12\/revisions\/843"}],"wp:attachment":[{"href":"http:\/\/master-patrimoine-culturel.fr\/fr\/index.php\/wp-json\/wp\/v2\/media?parent=12"}],"curies":[{"name":"wp","href":"https:\/\/api.w.org\/{rel}","templated":true}]}}