{"id":124,"date":"2022-10-17T15:21:41","date_gmt":"2022-10-17T13:21:41","guid":{"rendered":"http:\/\/master-patrimoine-culturel.fr\/fr\/?page_id=124"},"modified":"2022-11-14T14:21:50","modified_gmt":"2022-11-14T13:21:50","slug":"communication-mediation","status":"publish","type":"page","link":"http:\/\/master-patrimoine-culturel.fr\/fr\/index.php\/communication-mediation\/","title":{"rendered":"Communication \/ M\u00e9diation"},"content":{"rendered":"\n<p><\/p>\n\n\n\n<ul class=\"has-normal-font-size\"><li><strong>Concevoir et r\u00e9aliser des actions de communication et de m\u00e9diation <\/strong>dans le cadre des projets conduits par le service : r\u00e9daction de notices pour le site internet, mise en \u0153uvre d\u2019une publication, organisation de conf\u00e9rences-visites pour les journ\u00e9es du patrimoine,<\/li><\/ul>\n\n\n\n<p><\/p>\n\n\n\n<ul class=\"has-normal-font-size\"><li><strong>Alimenter la phototh\u00e8que et la base de donn\u00e9es objets d\u2019art du service<\/strong> : nommage des fichiers num\u00e9riques et insertion dans la base documentaire, mise \u00e0 jour des notices objets,<\/li><\/ul>\n\n\n\n<p><\/p>\n\n\n\n<ul><li><strong>Participer aux diff\u00e9rentes actions li\u00e9es \u00e0 la connaissance et \u00e0 la protection du patrimoine mobilier<\/strong> : participation \u00e0 l\u2019organisation de la commission de protection au titre des monuments historiques des objets (CDOM) et aux recherches documentaires,<\/li><\/ul>\n\n\n\n<p><\/p>\n\n\n\n<ul class=\"has-normal-font-size\"><li><strong>Participer au fonctionnement du service<\/strong> : actualisation des contacts, archivage des dossiers.<\/li><\/ul>\n","protected":false},"excerpt":{"rendered":"<p>Concevoir et r\u00e9aliser des actions de communication et de m\u00e9diation dans le cadre des projets conduits par le service : r\u00e9daction de notices pour le site internet, mise en \u0153uvre<a href=\"http:\/\/master-patrimoine-culturel.fr\/fr\/index.php\/communication-mediation\/\" class=\"more-link\"><span class=\"readmore\">Continue reading<span class=\"screen-reader-text\">Communication \/ M\u00e9diation<\/span><\/span><\/a><\/p>\n","protected":false},"author":3,"featured_media":0,"parent":0,"menu_order":0,"comment_status":"closed","ping_status":"closed","template":"","meta":[],"_links":{"self":[{"href":"http:\/\/master-patrimoine-culturel.fr\/fr\/index.php\/wp-json\/wp\/v2\/pages\/124"}],"collection":[{"href":"http:\/\/master-patrimoine-culturel.fr\/fr\/index.php\/wp-json\/wp\/v2\/pages"}],"about":[{"href":"http:\/\/master-patrimoine-culturel.fr\/fr\/index.php\/wp-json\/wp\/v2\/types\/page"}],"author":[{"embeddable":true,"href":"http:\/\/master-patrimoine-culturel.fr\/fr\/index.php\/wp-json\/wp\/v2\/users\/3"}],"replies":[{"embeddable":true,"href":"http:\/\/master-patrimoine-culturel.fr\/fr\/index.php\/wp-json\/wp\/v2\/comments?post=124"}],"version-history":[{"count":4,"href":"http:\/\/master-patrimoine-culturel.fr\/fr\/index.php\/wp-json\/wp\/v2\/pages\/124\/revisions"}],"predecessor-version":[{"id":537,"href":"http:\/\/master-patrimoine-culturel.fr\/fr\/index.php\/wp-json\/wp\/v2\/pages\/124\/revisions\/537"}],"wp:attachment":[{"href":"http:\/\/master-patrimoine-culturel.fr\/fr\/index.php\/wp-json\/wp\/v2\/media?parent=124"}],"curies":[{"name":"wp","href":"https:\/\/api.w.org\/{rel}","templated":true}]}}