{"id":149,"date":"2022-10-17T15:23:20","date_gmt":"2022-10-17T13:23:20","guid":{"rendered":"http:\/\/master-patrimoine-culturel.fr\/fr\/?page_id=149"},"modified":"2022-11-28T15:03:22","modified_gmt":"2022-11-28T14:03:22","slug":"education-culture","status":"publish","type":"page","link":"http:\/\/master-patrimoine-culturel.fr\/fr\/index.php\/education-culture\/","title":{"rendered":"Education \/ Culture"},"content":{"rendered":"\n<div class=\"wp-container-3 wp-block-columns\">\n<div class=\"wp-container-1 wp-block-column\">\n<p class=\"has-text-align-center has-black-color has-gold-background-color has-text-color has-background\" style=\"font-size:20px\"><strong>Int\u00e9gration<\/strong><\/p>\n\n\n\n<p class=\"has-text-align-center has-black-color has-text-color\">Une mission d&rsquo;int\u00e9gration plus forte dans un projet d\u00e9fini<strong> <\/strong>: dans le domaine de l&rsquo;ing\u00e9nierie et de l&rsquo;action culturelle d\u00e9di\u00e9s \u00e0 la valorisation du patrimoine et\/ou dans le domaine de l&rsquo;ing\u00e9nierie \u00e9ducative d\u00e9velopp\u00e9e dans le cadre de l&rsquo;\u00e9ducation artistique et culturelle en lien avec le patrimoine<\/p>\n<\/div>\n\n\n\n<div class=\"wp-container-2 wp-block-column\">\n<p class=\"has-text-align-center has-black-color has-gold-background-color has-text-color has-background\" style=\"font-size:20px\"><strong>Suivi et assistanat <\/strong><\/p>\n\n\n\n<p class=\"has-text-align-center has-black-color has-text-color\">Une mission de suivi et d&rsquo;assistanat g\u00e9n\u00e9ral : pr\u00e9paration diverses, r\u00e9dactions de synth\u00e8ses et de compte rendu qui portent sur les deux domaines de l&rsquo;\u00e9ducation et de la culture<\/p>\n<\/div>\n<\/div>\n","protected":false},"excerpt":{"rendered":"<p>Int\u00e9gration Une mission d&rsquo;int\u00e9gration plus forte dans un projet d\u00e9fini : dans le domaine de l&rsquo;ing\u00e9nierie et de l&rsquo;action culturelle d\u00e9di\u00e9s \u00e0 la valorisation du patrimoine et\/ou dans le domaine<a href=\"http:\/\/master-patrimoine-culturel.fr\/fr\/index.php\/education-culture\/\" class=\"more-link\"><span class=\"readmore\">Continue reading<span class=\"screen-reader-text\">Education \/ Culture<\/span><\/span><\/a><\/p>\n","protected":false},"author":3,"featured_media":0,"parent":0,"menu_order":0,"comment_status":"closed","ping_status":"closed","template":"","meta":[],"_links":{"self":[{"href":"http:\/\/master-patrimoine-culturel.fr\/fr\/index.php\/wp-json\/wp\/v2\/pages\/149"}],"collection":[{"href":"http:\/\/master-patrimoine-culturel.fr\/fr\/index.php\/wp-json\/wp\/v2\/pages"}],"about":[{"href":"http:\/\/master-patrimoine-culturel.fr\/fr\/index.php\/wp-json\/wp\/v2\/types\/page"}],"author":[{"embeddable":true,"href":"http:\/\/master-patrimoine-culturel.fr\/fr\/index.php\/wp-json\/wp\/v2\/users\/3"}],"replies":[{"embeddable":true,"href":"http:\/\/master-patrimoine-culturel.fr\/fr\/index.php\/wp-json\/wp\/v2\/comments?post=149"}],"version-history":[{"count":7,"href":"http:\/\/master-patrimoine-culturel.fr\/fr\/index.php\/wp-json\/wp\/v2\/pages\/149\/revisions"}],"predecessor-version":[{"id":549,"href":"http:\/\/master-patrimoine-culturel.fr\/fr\/index.php\/wp-json\/wp\/v2\/pages\/149\/revisions\/549"}],"wp:attachment":[{"href":"http:\/\/master-patrimoine-culturel.fr\/fr\/index.php\/wp-json\/wp\/v2\/media?parent=149"}],"curies":[{"name":"wp","href":"https:\/\/api.w.org\/{rel}","templated":true}]}}