{"id":17,"date":"2022-10-17T14:18:01","date_gmt":"2022-10-17T12:18:01","guid":{"rendered":"http:\/\/master-patrimoine-culturel.fr\/fr\/?page_id=17"},"modified":"2026-03-18T16:07:51","modified_gmt":"2026-03-18T15:07:51","slug":"17-2","status":"publish","type":"page","link":"http:\/\/master-patrimoine-culturel.fr\/fr\/","title":{"rendered":"Pr\u00e9sentation de la formation"},"content":{"rendered":"\n<div class=\"wp-block-media-text alignwide is-stacked-on-mobile\" style=\"grid-template-columns:33% auto\"><figure class=\"wp-block-media-text__media\"><img loading=\"lazy\" width=\"1024\" height=\"683\" src=\"http:\/\/master-patrimoine-culturel.fr\/fr\/wp-content\/uploads\/2026\/03\/MASTER-GDPC-logo-1024x683.png\" alt=\"\" class=\"wp-image-839 size-full\" srcset=\"http:\/\/master-patrimoine-culturel.fr\/fr\/wp-content\/uploads\/2026\/03\/MASTER-GDPC-logo-1024x683.png 1024w, http:\/\/master-patrimoine-culturel.fr\/fr\/wp-content\/uploads\/2026\/03\/MASTER-GDPC-logo-300x200.png 300w, http:\/\/master-patrimoine-culturel.fr\/fr\/wp-content\/uploads\/2026\/03\/MASTER-GDPC-logo-768x512.png 768w, http:\/\/master-patrimoine-culturel.fr\/fr\/wp-content\/uploads\/2026\/03\/MASTER-GDPC-logo.png 1536w\" sizes=\"(max-width: 1024px) 100vw, 1024px\" \/><\/figure><div class=\"wp-block-media-text__content\">\n<p class=\"has-black-color has-text-color\">Nature : Formation dipl\u00f4mante<br>Type de dipl\u00f4me : Master professionnel<br>Niveau de dipl\u00f4me : Bac + 5<br>Site g\u00e9ographique : Orl\u00e9ans<br>Accessible en : formation INITIALE ou formation en APPRENTISSAGE<\/p>\n<\/div><\/div>\n\n\n\n<h2 class=\"has-text-align-center\">Objectifs<\/h2>\n\n\n\n<p class=\"has-black-color has-text-color\">La sp\u00e9cialit\u00e9 gestion et droit du patrimoine culturel du master Droit Public a pour objectif de donner une solide formation aux \u00e9tudiants qui souhaitent se consacrer \u00e0 la gestion du patrimoine culturel dans des collectivit\u00e9s territoriales ou dans des organismes priv\u00e9s et de permettre \u00e0 celles et ceux qui exercent d\u00e9j\u00e0 des responsabilit\u00e9s dans ce domaine d\u2019actualiser et d\u2019approfondir leurs connaissances.<\/p>\n\n\n\n<p class=\"has-black-color has-text-color\">L\u2019originalit\u00e9 de cette formation tient \u00e0 la part toute sp\u00e9ciale qui est faite dans le programme \u00e0 la gestion financi\u00e8re, comptable et op\u00e9rationnelle du patrimoine culturel \u00e0 c\u00f4t\u00e9 des apprentissages plus classiques sur son histoire, ses r\u00e8gles et son r\u00f4le dans l\u2019am\u00e9nagement du territoire et le d\u00e9veloppement \u00e9conomique.<\/p>\n\n\n\n<h2 class=\"has-text-align-center\">Les Formations<\/h2>\n\n\n\n<div class=\"wp-container-4 wp-block-columns alignfull has-text-color has-background\" style=\"background-color:#ffffff;color:#000000\">\n<div class=\"wp-container-1 wp-block-column\">\n<h4 class=\"has-text-align-center has-gold-background-color has-background\">Formation en apprentissage<\/h4>\n\n\n\n<p>Ce master, de deuxi\u00e8me ann\u00e9e, est propos\u00e9 en apprentissage avec le Centre de Formation des Apprentis Inter-Universitaire R\u00e9gion Centre.<\/p>\n\n\n\n<p>Les organismes d\u2019accueil sont en premier lieu des collectivit\u00e9s territoriales mais aussi des organismes publics ou priv\u00e9s.<br><br>Les structures d\u2019accueil sont situ\u00e9es en R\u00e9gion Centre-Val de Loire, mais il existe des possibilit\u00e9s de recrutement dans toute la France.<br><br>Le contrat d\u2019apprentissage est un contrat de travail d\u2019une dur\u00e9e moyenne de 12 mois, pass\u00e9 entre l\u2019apprenti et la structure d\u2019accueil.<br><br>Le rythme d\u2019alternance (une semaine \u00e0 l\u2019universit\u00e9, une semaine en structure d\u2019accueil) reste relativement stable tout au long de la p\u00e9riode allant des mois d\u2019octobre \u00e0 juin est suivi d\u2019une p\u00e9riode \u00e0 temps plein de 3 mois de juillet \u00e0 septembre. La pr\u00e9sence de l\u2019\u00e9tudiant est obligatoire \u00e0 l\u2019Universit\u00e9 et dans la structure d\u2019accueil.<\/p>\n<\/div>\n\n\n\n<div class=\"wp-container-2 wp-block-column\">\n<h4 class=\"has-text-align-center has-gold-background-color has-background\">Formation initiale<\/h4>\n\n\n\n<p>L\u2019\u00e9tudiant effectue un stage de trois mois \u00e0 six mois minimum \u00e0 l\u2019issue de la p\u00e9riode de formation ou, \u00e9ventuellement, en alternance tout au long de l\u2019ann\u00e9e universitaire.<\/p>\n\n\n\n<p>L\u2019objet du stage est d\u00e9fini d\u2019un commun accord entre le stagiaire, le responsable de l\u2019organisme d\u2019accueil et le responsable du master. Le stage fait l\u2019objet d\u2019un rapport et d\u2019une soutenance.<\/p>\n<\/div>\n\n\n\n<div class=\"wp-container-3 wp-block-column\">\n<h4 class=\"has-text-align-center has-gold-background-color has-background\">Formation continue<\/h4>\n\n\n\n<p>La formation continue s\u2019adresse aux personnes engag\u00e9es dans la vie active, salari\u00e9s, demandeurs d\u2019emploi ou personnes ayant interrompu leurs \u00e9tudes depuis au moins 2 ans qui veulent :<br>entreprendre ou reprendre des \u00e9tudes universitaires<br>faire valider les acquis de leur exp\u00e9rience (VAE) pour obtenir tout ou partie d\u2019un dipl\u00f4me<\/p>\n\n\n\n<p>A la place du rapport de stage, les \u00e9tudiants salari\u00e9s \u00e0 temps plein doivent r\u00e9diger un m\u00e9moire professionnel dont le sujet est d\u00e9termin\u00e9, sur proposition de l\u2019\u00e9tudiant, par le responsable de l\u2019enseignement dont rel\u00e8ve le th\u00e8me propos\u00e9 et le responsable du p\u00e9dagogique de la sp\u00e9cialit\u00e9.<\/p>\n<\/div>\n<\/div>\n\n\n\n<h2 class=\"has-text-align-center\">Comp\u00e9tences acquises<\/h2>\n\n\n\n<p class=\"has-text-align-center has-black-color has-text-color\">A l\u2019issue de la formation, le dipl\u00f4m\u00e9 sera capable d\u2019\u00e9voluer dans plusieurs domaines :<\/p>\n\n\n\n<div class=\"wp-container-9 wp-block-columns alignfull has-text-color has-background\" style=\"background-color:#ffffff;color:#000000\">\n<div class=\"wp-container-5 wp-block-column\">\n<h3 class=\"has-text-align-center\" style=\"font-size:26px;line-height:1.3\"><strong>Gestion et financement<\/strong><\/h3>\n\n\n\n<ul><li>Comprendre un bilan comptable et un compte de r\u00e9sultats<\/li><li>Mobiliser des financements nationaux et europ\u00e9ens pour monter un projet patrimonial<\/li><li>Constituer un dossier de demande de subventions<\/li><\/ul>\n<\/div>\n\n\n\n<div class=\"wp-container-6 wp-block-column\">\n<h3 class=\"has-text-align-center\" style=\"font-size:26px;font-style:normal;font-weight:100;line-height:1.3\"><strong>Juridique<\/strong><\/h3>\n\n\n\n<ul><li>Conna\u00eetre la l\u00e9gislation concernant le secteur du patrimoine<\/li><li>Appr\u00e9hender les sp\u00e9cificit\u00e9s d\u2019un patrimoine b\u00e2ti, naturel et paysager<\/li><li>Appr\u00e9hender les sp\u00e9cificit\u00e9s de la restauration du patrimoine<\/li><li>Participer \u00e0 une proc\u00e9dure de march\u00e9 public<\/li><\/ul>\n\n\n\n<p><br><br><br><\/p>\n<\/div>\n\n\n\n<div class=\"wp-container-7 wp-block-column\">\n<h3 class=\"has-text-align-center\" style=\"font-size:26px;font-style:normal;font-weight:100;line-height:1.3\"><strong>M\u00e9diation et communication<\/strong><\/h3>\n\n\n\n<ul><li>Appr\u00e9hender les sp\u00e9cificit\u00e9s de la m\u00e9diation culturelle<\/li><li>Mettre en place des outils de communication<\/li><li>Faire une \u00e9tude des publics<\/li><li>Organiser une journ\u00e9e \u00e9v\u00e9nementielle<\/li><li>Constituer un dossier de presse<\/li><\/ul>\n\n\n\n<p><br><br><br><\/p>\n<\/div>\n\n\n\n<div class=\"wp-container-8 wp-block-column\">\n<h4 class=\"has-text-align-center\" style=\"font-style:normal;font-weight:100\"><strong>Management et relationnel<\/strong><\/h4>\n\n\n\n<ul><li>Mettre en r\u00e9seau des partenaires et s\u2019adresser aux institutions culturelles<\/li><li>Faire le bilan de l\u2019activit\u00e9 d\u2019un service et proposer des pistes d\u2019\u00e9volution<\/li><li>Diriger une \u00e9quipe et mener des r\u00e9unions<\/li><\/ul>\n<\/div>\n<\/div>\n\n\n\n<figure class=\"wp-block-table\"><table class=\"has-very-light-gray-to-cyan-bluish-gray-gradient-background has-background\"><tbody><tr><td><strong>Adresse<\/strong> : <br>UFR Droit \u00c9conomie Gestion<br>Rue de Blois &#8211; BP 26739<br>45067 ORL\u00c9ANS CEDEX 2<br><br><br><\/td><td><strong>Scolarit\u00e9<\/strong><br>E-mail : <a href=\"mailto:masterapt.deg@univ-orleans.fr\" data-type=\"mailto\" data-id=\"mailto:masterapt.deg@univ-orleans.fr\">masterapt.deg@univ-orleans.fr<\/a><br>Secr\u00e9tariat du M2<br>T\u00e9l. :02.38.49.46.37<br><strong>Secr\u00e9tariat du M<\/strong>1<br>T\u00e9l : 02 38 49 71 57<br><\/td><td>Apprentissage &#8211; Master 2<br>Secr\u00e9tariat apprentissage<br>T\u00e9l. :02.38.41.70.29<br>E-mail : <a href=\"mailto:apprentissage.deg@univ-orleans.fr\" data-type=\"mailto\" data-id=\"mailto:apprentissage.deg@univ-orleans.fr\">apprentissage.deg@univ-orleans.fr<\/a><br><br><\/td><\/tr><\/tbody><\/table><\/figure>\n\n\n\n<p><\/p>\n\n\n\n<p><\/p>\n\n\n\n<p><\/p>\n","protected":false},"excerpt":{"rendered":"<p>Nature : Formation dipl\u00f4manteType de dipl\u00f4me : Master professionnelNiveau de dipl\u00f4me : Bac + 5Site g\u00e9ographique : Orl\u00e9ansAccessible en : formation INITIALE ou formation en APPRENTISSAGE Objectifs La sp\u00e9cialit\u00e9 gestion<a href=\"http:\/\/master-patrimoine-culturel.fr\/fr\/\" class=\"more-link\"><span class=\"readmore\">Continue reading<span class=\"screen-reader-text\">Pr\u00e9sentation de la formation<\/span><\/span><\/a><\/p>\n","protected":false},"author":1,"featured_media":0,"parent":0,"menu_order":0,"comment_status":"closed","ping_status":"closed","template":"","meta":[],"_links":{"self":[{"href":"http:\/\/master-patrimoine-culturel.fr\/fr\/index.php\/wp-json\/wp\/v2\/pages\/17"}],"collection":[{"href":"http:\/\/master-patrimoine-culturel.fr\/fr\/index.php\/wp-json\/wp\/v2\/pages"}],"about":[{"href":"http:\/\/master-patrimoine-culturel.fr\/fr\/index.php\/wp-json\/wp\/v2\/types\/page"}],"author":[{"embeddable":true,"href":"http:\/\/master-patrimoine-culturel.fr\/fr\/index.php\/wp-json\/wp\/v2\/users\/1"}],"replies":[{"embeddable":true,"href":"http:\/\/master-patrimoine-culturel.fr\/fr\/index.php\/wp-json\/wp\/v2\/comments?post=17"}],"version-history":[{"count":24,"href":"http:\/\/master-patrimoine-culturel.fr\/fr\/index.php\/wp-json\/wp\/v2\/pages\/17\/revisions"}],"predecessor-version":[{"id":853,"href":"http:\/\/master-patrimoine-culturel.fr\/fr\/index.php\/wp-json\/wp\/v2\/pages\/17\/revisions\/853"}],"wp:attachment":[{"href":"http:\/\/master-patrimoine-culturel.fr\/fr\/index.php\/wp-json\/wp\/v2\/media?parent=17"}],"curies":[{"name":"wp","href":"https:\/\/api.w.org\/{rel}","templated":true}]}}