{"id":206,"date":"2022-11-14T09:10:00","date_gmt":"2022-11-14T08:10:00","guid":{"rendered":"http:\/\/master-patrimoine-culturel.fr\/fr\/?page_id=206"},"modified":"2022-11-14T15:31:03","modified_gmt":"2022-11-14T14:31:03","slug":"atelier-du-master","status":"publish","type":"page","link":"http:\/\/master-patrimoine-culturel.fr\/fr\/index.php\/atelier-du-master\/","title":{"rendered":"Ateliers du master"},"content":{"rendered":"\n<div class=\"wp-container-4 wp-block-group\"><div class=\"wp-block-group__inner-container\">\n<div class=\"wp-container-3 wp-block-group\"><div class=\"wp-block-group__inner-container\">\n<p class=\"has-black-color has-text-color\" style=\"font-size:30px\"><strong>Verrerie d&rsquo;art d&rsquo;Amboise<\/strong><\/p>\n\n\n\n<figure class=\"wp-block-image size-large is-resized\"><img loading=\"lazy\" src=\"http:\/\/master-patrimoine-culturel.fr\/fr\/wp-content\/uploads\/2022\/11\/image-3-1024x580.png\" alt=\"\" class=\"wp-image-263\" width=\"364\" height=\"206\" srcset=\"http:\/\/master-patrimoine-culturel.fr\/fr\/wp-content\/uploads\/2022\/11\/image-3-1024x580.png 1024w, http:\/\/master-patrimoine-culturel.fr\/fr\/wp-content\/uploads\/2022\/11\/image-3-300x170.png 300w, http:\/\/master-patrimoine-culturel.fr\/fr\/wp-content\/uploads\/2022\/11\/image-3-768x435.png 768w, http:\/\/master-patrimoine-culturel.fr\/fr\/wp-content\/uploads\/2022\/11\/image-3.png 1280w\" sizes=\"(max-width: 364px) 100vw, 364px\" \/><\/figure>\n\n\n\n<p>Patrick Lepage a ouvert le 17 mai 2014, apr\u00e8s plusieurs ann\u00e9es de travaux, un atelier troglodyte&nbsp;creus\u00e9 dans la pierre de Touraine et face \u00e0 La Loire. Ce lieu magique offre un \u00e9crin pour mettre en valeur \u00ab l\u2019Art du souffleur \u00e0 la canne \u00bb. Des visites guid\u00e9es de l&rsquo;atelier sont ainsi propos\u00e9es ainsi que des initiations pour les particuliers.&nbsp;<\/p>\n\n\n\n<p>2022-12-02<\/p>\n\n\n\n<div class=\"wp-container-1 wp-block-group\"><div class=\"wp-block-group__inner-container\">\n<p class=\"has-black-color has-text-color\" style=\"font-size:29px\"><strong>Archives Saint-Gobain&nbsp;<\/strong><\/p>\n\n\n\n<figure class=\"wp-block-image size-large is-resized\"><img loading=\"lazy\" src=\"http:\/\/master-patrimoine-culturel.fr\/fr\/wp-content\/uploads\/2022\/11\/image-2-1024x327.png\" alt=\"\" class=\"wp-image-261\" width=\"456\" height=\"146\" srcset=\"http:\/\/master-patrimoine-culturel.fr\/fr\/wp-content\/uploads\/2022\/11\/image-2-1024x327.png 1024w, http:\/\/master-patrimoine-culturel.fr\/fr\/wp-content\/uploads\/2022\/11\/image-2-300x96.png 300w, http:\/\/master-patrimoine-culturel.fr\/fr\/wp-content\/uploads\/2022\/11\/image-2-768x245.png 768w, http:\/\/master-patrimoine-culturel.fr\/fr\/wp-content\/uploads\/2022\/11\/image-2.png 1140w\" sizes=\"(max-width: 456px) 100vw, 456px\" \/><\/figure>\n\n\n\n<p>Le centre d\u2019archives de Saint-Gobain a \u00e9t\u00e9 inaugur\u00e9 en 1980 \u00e0 l\u2019entr\u00e9e de Blois. Ce centre a pour mission de collecter, de conserver, de communiquer et de valoriser des archives et du patrimoine du groupe Saint-Gobain en France et \u00e0 l\u2019international.<\/p>\n\n\n\n<p>2022-12-02<\/p>\n<\/div><\/div>\n\n\n\n<div class=\"wp-container-2 wp-block-group\"><div class=\"wp-block-group__inner-container\">\n<h4><strong>H\u00f4tel Cabu &#8211; Atelier de rentr\u00e9e<\/strong><\/h4>\n\n\n\n<figure class=\"wp-block-image size-full is-resized\"><img loading=\"lazy\" src=\"http:\/\/master-patrimoine-culturel.fr\/fr\/wp-content\/uploads\/2022\/11\/image-4.png\" alt=\"\" class=\"wp-image-445\" width=\"135\" height=\"240\" srcset=\"http:\/\/master-patrimoine-culturel.fr\/fr\/wp-content\/uploads\/2022\/11\/image-4.png 540w, http:\/\/master-patrimoine-culturel.fr\/fr\/wp-content\/uploads\/2022\/11\/image-4-169x300.png 169w\" sizes=\"(max-width: 135px) 100vw, 135px\" \/><\/figure>\n\n\n\n<p>L&rsquo;h\u00f4tel Cabu abrite le mus\u00e9e historique et arch\u00e9ologique d&rsquo;Orl\u00e9ans. Sa collection comprend notamment le tr\u00e9sor de Neuvy-en-Sullias et un ensemble gaulois et gallo-romains.\u00a0<\/p>\n\n\n\n<p>2022-09-05<\/p>\n<\/div><\/div>\n<\/div><\/div>\n<\/div><\/div>\n\n\n\n<div class=\"wp-container-5 wp-block-group\"><div class=\"wp-block-group__inner-container\"><\/div><\/div>\n\n\n\n<div class=\"wp-container-7 wp-block-group\"><div class=\"wp-block-group__inner-container\">\n<div class=\"wp-container-6 wp-block-group\"><div class=\"wp-block-group__inner-container\">\n<h3>Ch\u00e2teau de Chateaudun<\/h3>\n\n\n\n<figure class=\"wp-block-image is-resized\"><img loading=\"lazy\" src=\"http:\/\/www.master-patrimoine-culturel.fr\/images\/ateliers\/chateaudun20bis.jpg\" alt=\"\" width=\"350\" height=\"197\"\/><\/figure>\n\n\n\n<p>D\u2019une ampleur spectaculaire, ce ch\u00e2teau offre une rare succession d\u2019\u00e9l\u00e9ments d\u2019architecture m\u00e9di\u00e9vale, gothique et Renaissance, d\u2019une authenticit\u00e9 exceptionnelle.<br>Sa construction, r\u00e9alis\u00e9e du XIIe au XVIe si\u00e8cle, en fait un v\u00e9ritable livre d\u2019histoire et d\u2019architecture \u00e0 ciel ouvert aux confins de la Beauce et de l\u2019Orl\u00e9anais, Ch\u00e2teaudun, surplombant la Vall\u00e9e du Loir.<br><\/p>\n<\/div><\/div>\n\n\n\n<p>2020-10-01<\/p>\n<\/div><\/div>\n\n\n\n<div class=\"wp-container-8 wp-block-group\"><div class=\"wp-block-group__inner-container\">\n<h3>Maison de la Loire -St Dy\u00e9<\/h3>\n\n\n\n<figure class=\"wp-block-image is-resized\"><img loading=\"lazy\" src=\"http:\/\/www.master-patrimoine-culturel.fr\/images\/ateliers\/saintdye.jpg\" alt=\"\" width=\"334\" height=\"188\"\/><\/figure>\n\n\n\n<p>Images, sons, parfums\u2026 La sc\u00e9nographie intuitive et interactive de la Maison de La Loire du Loir-du-Cher, totalement m\u00e9tamorphos\u00e9e, permet de d\u00e9couvrir de mani\u00e8re in\u00e9dite le caract\u00e8re exceptionnel du plus grand fleuve de France.<br><\/p>\n\n\n\n<p>2017-03-01<\/p>\n<\/div><\/div>\n\n\n\n<div class=\"wp-container-10 wp-block-group has-small-font-size\"><div class=\"wp-block-group__inner-container\">\n<div class=\"wp-container-9 wp-block-group\"><div class=\"wp-block-group__inner-container\"><\/div><\/div>\n<\/div><\/div>\n\n\n\n<h3>Parc Floral &#8211; Atelier de rentr\u00e9e<\/h3>\n\n\n\n<figure class=\"wp-block-image is-resized\"><img loading=\"lazy\" src=\"http:\/\/www.master-patrimoine-culturel.fr\/images\/ateliers\/Floral2016.jpg\" alt=\"\" width=\"310\" height=\"174\"\/><\/figure>\n\n\n\n<p>Pr\u00e9sentation du Parc Floral d&rsquo;Orl\u00e9ans, de son histoire dans le contexte de mise en place d&rsquo;une ville nouvelle et de l&rsquo;Universit\u00e9 en 1966 \u00e0 La Source et pr\u00e9sentation de son mode de gestion et de ses enjeux actuels.<br>Accueil par Erika Zimmermann<br><\/p>\n\n\n\n<p>2016-09-05<\/p>\n\n\n\n<h3>Meung-sur-Loire &#8211; Beaugency<\/h3>\n\n\n\n<figure class=\"wp-block-image is-resized\"><img loading=\"lazy\" src=\"http:\/\/www.master-patrimoine-culturel.fr\/images\/ateliers\/P1110206bis.jpg\" alt=\"\" width=\"256\" height=\"192\"\/><\/figure>\n\n\n\n<p>Deux ch\u00e2teaux priv\u00e9s, appartenant au m\u00eame propri\u00e9taire. Meung sur Loire, ancienne r\u00e9sidence des \u00e9v\u00eaques d&rsquo;Orl\u00e9ans pr\u00e9sente une fa\u00e7ade m\u00e9di\u00e9vale et une fa\u00e7ade XVIIe si\u00e8cle, et des int\u00e9rieurs r\u00e9habilit\u00e9s au XIXe si\u00e8cle ; Beaugency, r\u00e9cemment acquis, est l&rsquo;occasion d&rsquo;insister sur la personne de Dunois, compagnon de Jeanne d&rsquo;Arc et fait l&rsquo;objet d&rsquo;une nouvelle valorisation, tant par le jardin que par des int\u00e9rieurs revisit\u00e9s.<br>Ces deux ch\u00e2teaux proches d&rsquo;une dizaine de km sont \u00e9galement les th\u00e9\u00e2tres d&rsquo;\u00e9v\u00e9nementiels r\u00e9guli\u00e8rement.<br><\/p>\n\n\n\n<p>2016-05-11<\/p>\n\n\n\n<h3>Ch\u00e2teau de Bouges &#8211; Indre<\/h3>\n\n\n\n<figure class=\"wp-block-image is-resized\"><img loading=\"lazy\" src=\"http:\/\/www.master-patrimoine-culturel.fr\/images\/ateliers\/chateau bouges site.jpg\" alt=\"\" width=\"380\" height=\"213\"\/><\/figure>\n\n\n\n<p>Visite-rencontre dans un ch\u00e2teau Monument Historique g\u00e9r\u00e9 par le Centre des Monuments Nationaux, dot\u00e9 d&rsquo;un Jardin remarquable et d&rsquo;un parc, \u00e0 proximit\u00e9 du ch\u00e2teau de Valencay (36)<\/p>\n\n\n\n<p>2015-05-12<\/p>\n\n\n\n<h3>Ch\u00e2teau de Valencay<\/h3>\n\n\n\n<figure class=\"wp-block-image is-resized\"><img loading=\"lazy\" src=\"http:\/\/www.master-patrimoine-culturel.fr\/images\/ateliers\/valencay.jpg\" alt=\"\" width=\"256\" height=\"157\"\/><\/figure>\n\n\n\n<p>Le ch\u00e2teau de Valen\u00e7ay se situe dans la ville \u00e9ponyme au nord du Berry, dans le d\u00e9partement de l&rsquo;Indre. Son histoire et son style architectural l&rsquo;ont pourtant rapproch\u00e9 des ch\u00e2teaux de la Loire. Pour preuve, le ch\u00e2teau de Valen\u00e7ay est int\u00e9gr\u00e9 au programme \u00ab ch\u00e2teaux de la Loire, Finest France \u00bb. Cofinanc\u00e9 par l&rsquo;U.E., il a pour ambition de promouvoir 21 sites \u00e0 une \u00e9chelle mondiale. Par sa situation g\u00e9ographique, le ch\u00e2teau de Valen\u00e7ay s&rsquo;int\u00e8gre donc \u00e0 la vall\u00e9e de la Loire tout en en \u00e9tant distant d&rsquo;environ 15 km, mais aussi au Berry, qui en fait la promotion sur son site internet. Cette place singuli\u00e8re est un atout non n\u00e9gligeable permettant au ch\u00e2teau de multiplier les protections et d&rsquo;accentuer sa communication, en \u00e9tant par exemple pr\u00e9sent sur les sites internet de plusieurs r\u00e9gions et d\u00e9partements.<br><\/p>\n\n\n\n<p>2016-09-26<\/p>\n\n\n\n<h3>Visite patrimoniale du campus &#8211; Orl\u00e9ans<\/h3>\n\n\n\n<figure class=\"wp-block-image is-resized\"><img loading=\"lazy\" src=\"http:\/\/www.master-patrimoine-culturel.fr\/images\/ateliers\/campus 2015.jpg\" alt=\"\" width=\"302\" height=\"322\"\/><\/figure>\n\n\n\n<p>Visite patrimoniale du campus orl\u00e9anais. L&rsquo;occasion de revenir sur cette exp\u00e9rience architecturale d&rsquo;installation d&rsquo;un campus autour d&rsquo;un lac artificiel dans les ann\u00e9es 60. L&rsquo;\u0153uvre d&rsquo;Olivier Cl\u00e9ment Cacoub est retrac\u00e9e, des modalit\u00e9s sp\u00e9cifiques de m\u00e9diation par l&rsquo;intervention de danseurs a\u00e9riens en r\u00e9sidence sur l&rsquo;universit\u00e9 compl\u00e8tent cet atelier.<br><\/p>\n\n\n\n<p>2015-11-02<\/p>\n\n\n\n<h3>Journ\u00e9es Europ\u00e9ennes du Patrimoine<\/h3>\n\n\n\n<figure class=\"wp-block-image is-resized\"><img loading=\"lazy\" src=\"http:\/\/www.master-patrimoine-culturel.fr\/images\/ateliers\/JEP2016.jpg\" alt=\"\" width=\"144\" height=\"256\"\/><\/figure>\n\n\n\n<p>\u00ab Dans le cadre des 50 ans de la r\u00e9installation du campus \u00e0 la source, d\u00e9couvrez le patrimoine b\u00e2ti de l&rsquo;universit\u00e9 \u00bb. Les \u00e9tudiants-guides du Master rappel\u00e8rent le grand projet (Orl\u00e9ans II, Oxford \u00e0 la fran\u00e7aise, campus ouvert\u2026) et pr\u00e9sent\u00e8rent les principaux b\u00e2timents sur le campus paysager notamment ceux r\u00e9alis\u00e9s par les architectes de renom, Cacoub, Lipsky et Rollet&#8230;<br><\/p>\n\n\n\n<p>2016-09-17<\/p>\n\n\n\n<h3>Centre Charles Peguy &#8211; Orl\u00e9ans<\/h3>\n\n\n\n<figure class=\"wp-block-image is-resized\"><img loading=\"lazy\" src=\"http:\/\/www.master-patrimoine-culturel.fr\/images\/ateliers\/Centre Peguy Site.jpg\" alt=\"\" width=\"501\" height=\"205\"\/><\/figure>\n\n\n\n<p>Etablissement municipal \u00e0 caract\u00e8re scientifique, le centre Charles P\u00e9guy est consacr\u00e9 \u00e0 l&rsquo;\u00e9crivain, natif d&rsquo;Orl\u00e9ans (1873-1914). Un espace mus\u00e9ographique retrace sa vie, accueille \u00e9galement des expositions autour de P\u00e9guy et son temps. Une biblioth\u00e8que rassemble la quasi-totalit\u00e9 des manuscrits, correspondance, \u00e9tudes sur P\u00e9guy et organise des caf\u00e9s litt\u00e9raires.<br><\/p>\n\n\n\n<p>2015-09-29<\/p>\n\n\n\n<h3>Cath\u00e9drale d&rsquo;Orl\u00e9ans<\/h3>\n\n\n\n<figure class=\"wp-block-image is-resized\"><img loading=\"lazy\" src=\"http:\/\/www.master-patrimoine-culturel.fr\/images\/ateliers\/cathedrale.jpg\" alt=\"\" width=\"291\" height=\"387\"\/><\/figure>\n\n\n\n<p>Conservation pr\u00e9ventive et entretien d&rsquo;un monument historique. Visite des hauteurs de la cath\u00e9drale en pr\u00e9sence du Conservateur r\u00e9gional des monuments historiques.<br><\/p>\n\n\n\n<p>2015-05-11<\/p>\n\n\n\n<h3>Maison de Jeanne d&rsquo;Arc &#8211; Orl\u00e9ans<\/h3>\n\n\n\n<figure class=\"wp-block-image is-resized\"><img loading=\"lazy\" src=\"http:\/\/www.master-patrimoine-culturel.fr\/images\/ateliers\/Maison Jeanne.jpg\" alt=\"\" width=\"192\" height=\"309\"\/><\/figure>\n\n\n\n<p>Etablissement municipal r\u00e9unissant bibliographie et mus\u00e9ographie autour de l&rsquo;h\u00e9ro\u00efne orl\u00e9anaise, dans le site reconstruit apr\u00e8s 1945 sur le mod\u00e8le et sur le lieu de r\u00e9sidence de Jeanne.<br><\/p>\n\n\n\n<p>2015-09-26<\/p>\n\n\n\n<h3>FRAC Centre Val de Loire &#8211; Orl\u00e9ans<\/h3>\n\n\n\n<figure class=\"wp-block-image is-resized\"><img loading=\"lazy\" src=\"http:\/\/www.master-patrimoine-culturel.fr\/images\/ateliers\/FRAC centre 2015.jpg\" alt=\"\" width=\"256\" height=\"192\"\/><\/figure>\n\n\n\n<p>2 visites en 1 au FRAC Centre Val de Loire : double occasion pour \u00e9voquer le statut particulier des FRAC de 2e g\u00e9n\u00e9ration et la strat\u00e9gie culturelle du site, mais aussi pour voir l&rsquo;exposition sur la reconstruction des villes de Loire apr\u00e8s la 2e Guerre mondiale.<br><\/p>\n\n\n\n<p>2015-11-05<\/p>\n\n\n\n<h3>Mus\u00e9e de l&rsquo;Homme &#8211; Paris<\/h3>\n\n\n\n<figure class=\"wp-block-image is-resized\"><img loading=\"lazy\" src=\"http:\/\/www.master-patrimoine-culturel.fr\/images\/ateliers\/Ext\u00e9rieurHomme.jpg\" alt=\"\" width=\"358\" height=\"201\"\/><\/figure>\n\n\n\n<p>Atelier autour de la m\u00e9diation \u00e0 l&rsquo;occasion de la r\u00e9ouverture du Mus\u00e9e de l&rsquo; Homme qui fait des publics et de l&rsquo;accessibilit\u00e9 le c\u0153ur de son projet culturel et scientifique. Le d\u00e9veloppement du multim\u00e9dia, d&rsquo;un parcours sensoriel, de modules interactifs, de cabinets de curiosit\u00e9 contemporains ou encore de mises en sc\u00e8ne spectaculaires nous permettrons d&rsquo;exp\u00e9rimenter in situ des dispositifs de m\u00e9diation tr\u00e8s vari\u00e9s, au c\u0153ur des parcours de visite.<br><\/p>\n\n\n\n<p>2015-12-03<\/p>\n\n\n\n<h3>Louvre &#8211; Paris<\/h3>\n\n\n\n<figure class=\"wp-block-image is-resized\"><img loading=\"lazy\" src=\"http:\/\/www.master-patrimoine-culturel.fr\/images\/ateliers\/Collage.jpg\" alt=\"\" width=\"273\" height=\"407\"\/><\/figure>\n\n\n\n<p>Deux projets, deux galeries ont \u00e9t\u00e9 pens\u00e9es au Louvre pour des publics jeunes ou publics en situation de handicap.<br>La galerie tactile; nouvelle exposition 2014 Sculpter le corps<br>La petite galerie Mythes fondateurs, d&rsquo;Hercule \u00e0 Dark Vador<br>Accessibles \u00e0 tous, ces galeries disposent d&rsquo;une mus\u00e9ographie et d&rsquo;outils de m\u00e9diation d\u00e9di\u00e9s.<br><\/p>\n\n\n\n<p>2015-12-04<\/p>\n\n\n\n<h3>Maison de la Loire &#8211; Jargeau<\/h3>\n\n\n\n<figure class=\"wp-block-image is-resized\"><img loading=\"lazy\" src=\"http:\/\/www.master-patrimoine-culturel.fr\/images\/ateliers\/Maison de la Loire.jpg\" alt=\"\" width=\"297\" height=\"223\"\/><\/figure>\n\n\n\n<p>Les conditions de gestion et de valorisation du patrimoine naturel de la Loire sont \u00e9voqu\u00e9es \u00e0 l&rsquo;occasion de cette visite \u00e0 Jargeau. L&rsquo;histoire et la structure de l&rsquo;association porteuse du projet sont d\u00e9crits, et compar\u00e9s aux autres maisons de la Loire pr\u00e9sentes jusqu&rsquo;en Anjou.<br><\/p>\n\n\n\n<p>2015-03-18<\/p>\n\n\n\n<h3>Mus\u00e9e de Cluny &#8211; Paris<\/h3>\n\n\n\n<figure class=\"wp-block-image is-resized\"><img loading=\"lazy\" src=\"http:\/\/www.master-patrimoine-culturel.fr\/images\/ateliers\/Cluny 2015.jpg\" alt=\"\" width=\"385\" height=\"222\"\/><\/figure>\n\n\n\n<p>Pour un autre Atelier Patrimoine, rendez-vous fut donn\u00e9 au Mus\u00e9e de Cluny, mus\u00e9e d\u00e9di\u00e9 au monde m\u00e9dieval, pour nous entretenir avec la charg\u00e9e des publics sur les enqu\u00eates de fr\u00e9quentation et sur la m\u00e9diation sp\u00e9cifique destin\u00e9e au jeune public.<br><\/p>\n\n\n\n<p>2015-02-26<\/p>\n\n\n\n<h3>Centre Georges Pompidou &#8211; Paris<\/h3>\n\n\n\n<figure class=\"wp-block-image is-resized\"><img loading=\"lazy\" src=\"http:\/\/www.master-patrimoine-culturel.fr\/images\/ateliers\/studio1316.jpg\" alt=\"\" width=\"240\" height=\"234\"\/><\/figure>\n\n\n\n<p>L&rsquo;Atelier Patrimoine au Centre George Pompidou, Centre d&rsquo;Art contemporain \u00e0 Paris, a permis la pr\u00e9sentation du Studio 16\/20. En effet, c&rsquo;est le premier Mus\u00e9e au monde \u00e0 cr\u00e9er un espace enti\u00e8rement d\u00e9di\u00e9 aux adolescents qui a ouvert ses portes en septembre 2010. Il propose aux adolescents \u00e2g\u00e9s de 13 \u00e0 16 ans une programmation vari\u00e9e, \u00e9ducative et originale, avec une m\u00e9diation adapt\u00e9e !<\/p>\n\n\n\n<p>2015-02-17<\/p>\n\n\n\n<h3>Mus\u00e9e des Beaux-Arts &#8211; Orl\u00e9ans<\/h3>\n\n\n\n<figure class=\"wp-block-image is-resized\"><img loading=\"lazy\" src=\"http:\/\/www.master-patrimoine-culturel.fr\/images\/ateliers\/MuseeBeauxArt.jpg\" alt=\"\" width=\"256\" height=\"191\"\/><\/figure>\n\n\n\n<p>L\u2019Atelier Patrimoine au Mus\u00e9e des Beaux-Arts d&rsquo;Orl\u00e9ans a \u00e9t\u00e9 l\u2019occasion pour les \u00e9tudiants du Master de faire une visite des collections avec les responsables du Mus\u00e9e et de s\u2019entretenir sur des questions plus cibl\u00e9es sur la politique culturelle et les projets de cet \u00e9tablissement.<br><\/p>\n\n\n\n<p>2015-02-18<\/p>\n\n\n\n<div class=\"wp-container-11 wp-block-group\"><div class=\"wp-block-group__inner-container\">\n<h3>Foug\u00e8res-sur-Bi\u00e8vre &#8211; Loir-et-Cher<\/h3>\n\n\n\n<figure class=\"wp-block-image is-resized\"><img loading=\"lazy\" src=\"http:\/\/www.master-patrimoine-culturel.fr\/images\/ateliers\/Foug\u00e8re 2014.jpg\" alt=\"\" width=\"334\" height=\"250\"\/><\/figure>\n\n\n\n<p>Visite au ch\u00e2teau de Foug\u00e8res sur Bi\u00e8vre : l&rsquo;occasion de discuter de l&rsquo;attractivit\u00e9 d&rsquo;un ch\u00e2teau situ\u00e9 en dehors du circuit du Val de Loire patrimoine mondial, et des strat\u00e9gies pour attirer du public. C&rsquo;est \u00e9galement l&rsquo;opportunit\u00e9 d&rsquo;\u00e9voquer le mode de gestion particulier du Centre des Monuments Nationaux<br><\/p>\n\n\n\n<p>2014-02-19<\/p>\n<\/div><\/div>\n\n\n\n<h3>Ch\u00e2teau de Blois &#8211; Loir-et-Cher<\/h3>\n\n\n\n<figure class=\"wp-block-image is-resized\"><img loading=\"lazy\" src=\"http:\/\/www.master-patrimoine-culturel.fr\/images\/ateliers\/Blois2013.jpg\" alt=\"\" width=\"382\" height=\"189\"\/><\/figure>\n\n\n\n<p>Visite du ch\u00e2teau de Blois et mus\u00e9e des Beaux-Arts. C&rsquo;est l&rsquo;occasion d&rsquo;\u00e9voquer la politique d&rsquo;animation du ch\u00e2teau, l&rsquo;accueil des publics, la gestion de la boutique, et l&rsquo;association sp\u00e9cifique entre un ch\u00e2teau et un mus\u00e9e de la ville.<br><\/p>\n\n\n\n<p>2013-03-18<\/p>\n\n\n\n<div class=\"wp-container-13 wp-block-group\"><div class=\"wp-block-group__inner-container\">\n<div class=\"wp-container-12 wp-block-group\"><div class=\"wp-block-group__inner-container\">\n<h3>Parc Floral &#8211; Orl\u00e9ans<\/h3>\n\n\n\n<figure class=\"wp-block-image is-resized\"><img loading=\"lazy\" src=\"http:\/\/www.master-patrimoine-culturel.fr\/images\/ateliers\/floral2011.jpg\" alt=\"\" width=\"229\" height=\"173\"\/><\/figure>\n\n\n\n<p>Visite du parc floral d&rsquo;Orl\u00e9ans : l&rsquo;occasion d&rsquo;\u00e9voquer le mode de gestion sp\u00e9cifique par la ville des collections botaniques et l&rsquo;animation \u00e0 destination des publics.<br><\/p>\n\n\n\n<p>2013-09-20<\/p>\n<\/div><\/div>\n\n\n\n<h3>PNR Perche &#8211; Orne<\/h3>\n\n\n\n<figure class=\"wp-block-image is-resized\"><img loading=\"lazy\" src=\"http:\/\/www.master-patrimoine-culturel.fr\/images\/ateliers\/PNRPerche 2012.jpg\" alt=\"\" width=\"163\" height=\"290\"\/><\/figure>\n\n\n\n<p>Plessage, chemin creux, jach\u00e8re\u2026 la gestion particuli\u00e8re du patrimoine naturel et l&rsquo;am\u00e9nagement bocager sont rappel\u00e9s \u00e0 l&rsquo;occasion de la visite dans le parc naturel r\u00e9gional du Perche. Les modes de gestion sp\u00e9cifique et les enjeux du PNR sont \u00e9voqu\u00e9s. La visite du manoir de Courboyer permet de discuter \u00e9galement des questions de valorisation patrimoniale en milieu rural.<br><\/p>\n\n\n\n<p>2012-04-17<\/p>\n<\/div><\/div>\n\n\n\n<div class=\"wp-container-14 wp-block-group\"><div class=\"wp-block-group__inner-container\">\n<h3>Ch\u00e2teau de Talcy &#8211; Loir-et-Cher<\/h3>\n\n\n\n<figure class=\"wp-block-image is-resized\"><img loading=\"lazy\" src=\"http:\/\/www.master-patrimoine-culturel.fr\/images\/ateliers\/Talcy 2012.jpg\" alt=\"\" width=\"369\" height=\"277\"\/><\/figure>\n\n\n\n<p>Visite du ch\u00e2teau de Talcy et de son jardin labellis\u00e9 Jardin remarquable. C&rsquo;est l&rsquo;occasion d&rsquo;\u00e9voquer la strat\u00e9gie du ch\u00e2teau situ\u00e9 \u00e0 proximit\u00e9 du Val de Loire patrimoine mondial pour attirer des visiteurs, de signaler les modes de gestion sp\u00e9cifiques du Centre des Monuments Nationaux, de prendre en compte la richesse du patrimoine naturel et les animations \u00e0 mettre en place dans le jardin.<br><\/p>\n\n\n\n<p>2012-03-16<\/p>\n<\/div><\/div>\n\n\n\n<div class=\"wp-container-19 wp-block-group\"><div class=\"wp-block-group__inner-container\">\n<div class=\"wp-container-15 wp-block-group\"><div class=\"wp-block-group__inner-container\"><\/div><\/div>\n\n\n\n<div class=\"wp-container-16 wp-block-group\"><div class=\"wp-block-group__inner-container\">\n<h3>Bruxelles &#8211; Belgique<\/h3>\n\n\n\n<figure class=\"wp-block-image is-resized is-style-default\"><img loading=\"lazy\" src=\"http:\/\/www.master-patrimoine-culturel.fr\/images\/ateliers\/Bruxelles 2010.jpg\" alt=\"\" width=\"206\" height=\"275\"\/><\/figure>\n\n\n\n<p>Voyage de 3 jours dans la capitale belge. L&rsquo;occasion pour nous, pour les 10 ans du Master, de s&rsquo;int\u00e9resser, de fa\u00e7on comparative, \u00e0 la gestion du patrimoine au sein d&rsquo;un pays voisin de la France. Outre la visite du c\u0153ur ancien et du quartier europ\u00e9en qui permet d&rsquo;\u00e9voquer les strat\u00e9gies de protection patrimoniale en milieu urbain, la visite de l&rsquo;atomium et du mus\u00e9e Magritte mettent en perspective les enjeux de valorisation d&rsquo;un objet patrimonial complexe (l&rsquo;atomium) et les modalit\u00e9s de m\u00e9diation du mus\u00e9e.<br><\/p>\n\n\n\n<p>2010-02-16<\/p>\n<\/div><\/div>\n\n\n\n<div class=\"wp-container-17 wp-block-group\"><div class=\"wp-block-group__inner-container\">\n<h3>IRCAM &#8211; Paris<\/h3>\n\n\n\n<figure class=\"wp-block-image is-resized\"><img loading=\"lazy\" src=\"http:\/\/www.master-patrimoine-culturel.fr\/images\/ateliers\/ircam 2009.jpg\" alt=\"\" width=\"398\" height=\"236\"\/><\/figure>\n\n\n\n<p>Visite de l&rsquo;IRCAM Paris. Lieu singulier par ces manifestations, il d\u00e9veloppe \u00e0 la fois une activit\u00e9 de recherche et de valorisation des \u0153uvres acoustiques. Le mode de gestion du lieu, l&rsquo;animation par le biais de spectacles, le travail des chercheurs sont \u00e9voqu\u00e9s.<br><\/p>\n\n\n\n<p>2009-11-18<\/p>\n<\/div><\/div>\n\n\n\n<div class=\"wp-container-18 wp-block-group\"><div class=\"wp-block-group__inner-container\"><\/div><\/div>\n<\/div><\/div>\n","protected":false},"excerpt":{"rendered":"<p>Verrerie d&rsquo;art d&rsquo;Amboise Patrick Lepage a ouvert le 17 mai 2014, apr\u00e8s plusieurs ann\u00e9es de travaux, un atelier troglodyte&nbsp;creus\u00e9 dans la pierre de Touraine et face \u00e0 La Loire. Ce<a href=\"http:\/\/master-patrimoine-culturel.fr\/fr\/index.php\/atelier-du-master\/\" class=\"more-link\"><span class=\"readmore\">Continue reading<span class=\"screen-reader-text\">Ateliers du master<\/span><\/span><\/a><\/p>\n","protected":false},"author":5,"featured_media":0,"parent":0,"menu_order":0,"comment_status":"closed","ping_status":"closed","template":"templates\/no-sidebar.php","meta":[],"_links":{"self":[{"href":"http:\/\/master-patrimoine-culturel.fr\/fr\/index.php\/wp-json\/wp\/v2\/pages\/206"}],"collection":[{"href":"http:\/\/master-patrimoine-culturel.fr\/fr\/index.php\/wp-json\/wp\/v2\/pages"}],"about":[{"href":"http:\/\/master-patrimoine-culturel.fr\/fr\/index.php\/wp-json\/wp\/v2\/types\/page"}],"author":[{"embeddable":true,"href":"http:\/\/master-patrimoine-culturel.fr\/fr\/index.php\/wp-json\/wp\/v2\/users\/5"}],"replies":[{"embeddable":true,"href":"http:\/\/master-patrimoine-culturel.fr\/fr\/index.php\/wp-json\/wp\/v2\/comments?post=206"}],"version-history":[{"count":7,"href":"http:\/\/master-patrimoine-culturel.fr\/fr\/index.php\/wp-json\/wp\/v2\/pages\/206\/revisions"}],"predecessor-version":[{"id":459,"href":"http:\/\/master-patrimoine-culturel.fr\/fr\/index.php\/wp-json\/wp\/v2\/pages\/206\/revisions\/459"}],"wp:attachment":[{"href":"http:\/\/master-patrimoine-culturel.fr\/fr\/index.php\/wp-json\/wp\/v2\/media?parent=206"}],"curies":[{"name":"wp","href":"https:\/\/api.w.org\/{rel}","templated":true}]}}