{"id":219,"date":"2022-11-14T09:36:00","date_gmt":"2022-11-14T08:36:00","guid":{"rendered":"http:\/\/master-patrimoine-culturel.fr\/fr\/?page_id=219"},"modified":"2022-11-14T14:36:36","modified_gmt":"2022-11-14T13:36:36","slug":"presse","status":"publish","type":"page","link":"http:\/\/master-patrimoine-culturel.fr\/fr\/index.php\/presse\/","title":{"rendered":"Presse"},"content":{"rendered":"\n<figure class=\"wp-container-2 wp-block-gallery-1 wp-block-gallery aligncenter has-nested-images columns-default is-cropped\"><\/figure>\n\n\n\n<div class=\"wp-container-4 wp-block-columns\">\n<div class=\"wp-container-3 wp-block-column\">\n<h5><strong>Projet \u00ab\u00a0Le Plus Grand Mus\u00e9e de France\u00a0\u00bb <\/strong><\/h5>\n\n\n\n<figure class=\"wp-block-image size-large\"><img loading=\"lazy\" width=\"1024\" height=\"768\" src=\"http:\/\/master-patrimoine-culturel.fr\/fr\/wp-content\/uploads\/2022\/11\/268272744_2960320284279401_7829850757023116902_n-1024x768.jpg\" alt=\"\" class=\"wp-image-357\" srcset=\"http:\/\/master-patrimoine-culturel.fr\/fr\/wp-content\/uploads\/2022\/11\/268272744_2960320284279401_7829850757023116902_n-1024x768.jpg 1024w, http:\/\/master-patrimoine-culturel.fr\/fr\/wp-content\/uploads\/2022\/11\/268272744_2960320284279401_7829850757023116902_n-300x225.jpg 300w, http:\/\/master-patrimoine-culturel.fr\/fr\/wp-content\/uploads\/2022\/11\/268272744_2960320284279401_7829850757023116902_n-768x576.jpg 768w, http:\/\/master-patrimoine-culturel.fr\/fr\/wp-content\/uploads\/2022\/11\/268272744_2960320284279401_7829850757023116902_n-1536x1152.jpg 1536w, http:\/\/master-patrimoine-culturel.fr\/fr\/wp-content\/uploads\/2022\/11\/268272744_2960320284279401_7829850757023116902_n-960x720.jpg 960w, http:\/\/master-patrimoine-culturel.fr\/fr\/wp-content\/uploads\/2022\/11\/268272744_2960320284279401_7829850757023116902_n-640x480.jpg 640w, http:\/\/master-patrimoine-culturel.fr\/fr\/wp-content\/uploads\/2022\/11\/268272744_2960320284279401_7829850757023116902_n.jpg 1600w\" sizes=\"(max-width: 1024px) 100vw, 1024px\" \/><\/figure>\n\n\n\n<p>Dans le cadre de la campagne de m\u00e9c\u00e9nat \u00ab\u00a0Le Plus Grand Mus\u00e9e de France\u00a0\u00bb port\u00e9e par la fondation pour la Sauvegarde de l&rsquo;Art Fran\u00e7ais, 6 \u00e9tudiants du master 1 GLPC (promotion 2021-2022) s&rsquo;engagent dans la sauvegarde de deux \u0153uvres d&rsquo;art du pays loir\u00e9tain en p\u00e9ril. <\/p>\n\n\n\n<p>Pour plus d&rsquo;informations, ou pour faire un don : <\/p>\n\n\n\n<ul><li><a rel=\"noreferrer noopener\" href=\"https:\/\/www.sauvegardeartfrancais.fr\/projets\/orleans-sainte-christine\/\" target=\"_blank\">https:\/\/www.sauvegardeartfrancais.fr\/projets\/orleans-sainte-christine\/<\/a>  <\/li><li><a href=\"https:\/\/www.sauvegardeartfrancais.fr\/projets\/clery-saint-andre-vierge-de-clery\/\" target=\"_blank\" rel=\"noreferrer noopener\">https:\/\/www.sauvegardeartfrancais.fr\/projets\/clery-saint-andre-vierge-de-clery\/ <\/a><\/li><\/ul>\n\n\n\n<p><\/p>\n<\/div>\n<\/div>\n\n\n\n<div class=\"wp-container-7 wp-block-columns\">\n<div class=\"wp-container-5 wp-block-column\">\n<p><\/p>\n\n\n\n<h5><strong>Colloque \u00ab\u00a0Les labels dans le domaine du patrimoine \u00ab\u00a0<\/strong><\/h5>\n\n\n\n<p><a rel=\"noreferrer noopener\" href=\"https:\/\/labelpatrimoine.sciencesconf.org\/\" target=\"_blank\">https:\/\/labelpatrimoine.sciencesconf.org\/ <\/a><\/p>\n\n\n\n<figure class=\"wp-block-image\"><img src=\"http:\/\/www.master-patrimoine-culturel.fr\/images\/presse\/Affichelabelsbis.jpg\" alt=\"\"\/><\/figure>\n<\/div>\n\n\n\n<div class=\"wp-container-6 wp-block-column\">\n<p><\/p>\n\n\n\n<h5><strong>Concours photos 2016<\/strong><\/h5>\n\n\n\n<p>Distribution des prix \u00e0 l&rsquo;issue du concours, La R\u00e9publique du Centre, 18 mai 2016<\/p>\n\n\n\n<figure class=\"wp-block-image\"><img src=\"http:\/\/www.master-patrimoine-culturel.fr\/images\/presse\/article rep 2016.jpg\" alt=\"\"\/><\/figure>\n<\/div>\n<\/div>\n\n\n\n<p><\/p>\n","protected":false},"excerpt":{"rendered":"<p>Projet \u00ab\u00a0Le Plus Grand Mus\u00e9e de France\u00a0\u00bb Dans le cadre de la campagne de m\u00e9c\u00e9nat \u00ab\u00a0Le Plus Grand Mus\u00e9e de France\u00a0\u00bb port\u00e9e par la fondation pour la Sauvegarde de l&rsquo;Art<a href=\"http:\/\/master-patrimoine-culturel.fr\/fr\/index.php\/presse\/\" class=\"more-link\"><span class=\"readmore\">Continue reading<span class=\"screen-reader-text\">Presse<\/span><\/span><\/a><\/p>\n","protected":false},"author":6,"featured_media":0,"parent":0,"menu_order":0,"comment_status":"closed","ping_status":"closed","template":"","meta":[],"_links":{"self":[{"href":"http:\/\/master-patrimoine-culturel.fr\/fr\/index.php\/wp-json\/wp\/v2\/pages\/219"}],"collection":[{"href":"http:\/\/master-patrimoine-culturel.fr\/fr\/index.php\/wp-json\/wp\/v2\/pages"}],"about":[{"href":"http:\/\/master-patrimoine-culturel.fr\/fr\/index.php\/wp-json\/wp\/v2\/types\/page"}],"author":[{"embeddable":true,"href":"http:\/\/master-patrimoine-culturel.fr\/fr\/index.php\/wp-json\/wp\/v2\/users\/6"}],"replies":[{"embeddable":true,"href":"http:\/\/master-patrimoine-culturel.fr\/fr\/index.php\/wp-json\/wp\/v2\/comments?post=219"}],"version-history":[{"count":11,"href":"http:\/\/master-patrimoine-culturel.fr\/fr\/index.php\/wp-json\/wp\/v2\/pages\/219\/revisions"}],"predecessor-version":[{"id":365,"href":"http:\/\/master-patrimoine-culturel.fr\/fr\/index.php\/wp-json\/wp\/v2\/pages\/219\/revisions\/365"}],"wp:attachment":[{"href":"http:\/\/master-patrimoine-culturel.fr\/fr\/index.php\/wp-json\/wp\/v2\/media?parent=219"}],"curies":[{"name":"wp","href":"https:\/\/api.w.org\/{rel}","templated":true}]}}