{"id":30,"date":"2022-10-17T14:47:58","date_gmt":"2022-10-17T12:47:58","guid":{"rendered":"http:\/\/master-patrimoine-culturel.fr\/fr\/?page_id=30"},"modified":"2023-01-17T10:05:17","modified_gmt":"2023-01-17T09:05:17","slug":"apprentissage-stage","status":"publish","type":"page","link":"http:\/\/master-patrimoine-culturel.fr\/fr\/index.php\/apprentissage-stage\/","title":{"rendered":"Apprentissage \/ Stage"},"content":{"rendered":"\n<h2 class=\"has-text-align-center\"><strong>Contrat d&rsquo;apprentissage<\/strong><\/h2>\n\n\n\n<p>Le contrat d\u2019apprentissage est un contrat de travail d\u2019une dur\u00e9e moyenne de un an, pass\u00e9 entre l\u2019apprenti et la structure d\u2019accueil. Il peut \u00eatre conclu pour des \u00e9tudiants de moins de 30 ANS (et non plus 26 ans) \u00e0 la date de signature du contrat.<\/p>\n\n\n\n<p>La Facult\u00e9 de Droit Economie Gestion, en partenariat avec le CFA des Universit\u00e9s Centre &#8211; Val de Loire donne aux \u00e9tudiants de notre Master la possibilit\u00e9 de suivre leur 2\u00e8me ann\u00e9e de formation en apprentissage.<\/p>\n\n\n\n<p>Les postes font l\u2019objet d\u2019une concertation entre l\u2019organisme d\u2019accueil et le directeur p\u00e9dagogique du master avant d\u2019\u00eatre propos\u00e9s aux \u00e9tudiants. Un cadre de la structure d\u2019accueil est agr\u00e9\u00e9 comme ma\u00eetre d\u2019apprentissage pour guider l\u2019apprenti dans son travail.<\/p>\n\n\n\n<h2>Exemples de missions demand\u00e9es en apprentissage<\/h2>\n\n\n\n<div class=\"wp-container-1 is-content-justification-center wp-block-buttons\">\n<div class=\"wp-block-button is-style-fill\"><a class=\"wp-block-button__link has-gray-color has-gold-background-color has-text-color has-background\" href=\"http:\/\/master-patrimoine-culturel.fr\/fr\/index.php\/accueil-des-publics-dun-musee\/\" target=\"_blank\" rel=\"noreferrer noopener\">Accueil des publics d&rsquo;un musee<\/a><\/div>\n\n\n\n<div class=\"wp-block-button is-style-fill\"><a class=\"wp-block-button__link\" href=\"http:\/\/master-patrimoine-culturel.fr\/fr\/index.php\/communication-mediation\/\" target=\"_blank\" rel=\"noreferrer noopener\">Communication \/ Mediation<\/a><\/div>\n\n\n\n<div class=\"wp-block-button is-style-fill\"><a class=\"wp-block-button__link\" href=\"http:\/\/master-patrimoine-culturel.fr\/fr\/index.php\/education-culture\/\" target=\"_blank\" rel=\"noreferrer noopener\">Education \/ culture<\/a><\/div>\n<\/div>\n\n\n\n<h2>Exemples de structures<\/h2>\n\n\n\n<div class=\"wp-container-2 is-content-justification-center wp-block-buttons\">\n<div class=\"wp-block-button\"><a class=\"wp-block-button__link\" href=\"http:\/\/master-patrimoine-culturel.fr\/fr\/index.php\/en-region-centre-val-de-loire\/\" target=\"_blank\" rel=\"noreferrer noopener\">En region centre-val de loire<\/a><\/div>\n\n\n\n<div class=\"wp-block-button\"><a class=\"wp-block-button__link\">hors region centre-val de loire<\/a><\/div>\n<\/div>\n\n\n\n<h2 class=\"has-text-align-center\"><strong>Stage<\/strong><\/h2>\n\n\n\n<p>Un stage unique est obligatoire en fin de master. Il peut avoir lieu dans une structure publique ou priv\u00e9e, dans une association ou dans un \u00e9tablissement public \u00e0 caract\u00e8re industriel et commercial. Il peut se d\u00e9rouler en France ou \u00e0 l\u2019\u00e9tranger. L\u2019objet du stage est d\u00e9fini d\u2019un commun accord entre le stagiaire, le responsable de l\u2019organisme d\u2019accueil et le directeur du master. Le stage fait l\u2019objet d\u2019un rapport et d\u2019une soutenance. Le service des stages de la facult\u00e9 aide \u00e0 recherche de stage et \u00e0 l\u2019\u00e9tablissement de la convention de stage.<\/p>\n\n\n\n<h2>Exemples de missions demand\u00e9es en stage<\/h2>\n\n\n\n<div class=\"wp-container-3 is-content-justification-center wp-block-buttons\">\n<div class=\"wp-block-button\"><a class=\"wp-block-button__link\">Module d&rsquo;exploration<\/a><\/div>\n\n\n\n<div class=\"wp-block-button\"><a class=\"wp-block-button__link\">patrimoine paysager<\/a><\/div>\n\n\n\n<div class=\"wp-block-button\"><a class=\"wp-block-button__link\">recherches prospectives sur l&rsquo;histoire<\/a><\/div>\n\n\n\n<div class=\"wp-block-button\"><a class=\"wp-block-button__link\">valoriser la forteresse de Montbazon<\/a><\/div>\n<\/div>\n\n\n\n<div class=\"wp-container-4 is-content-justification-center wp-block-buttons\"><\/div>\n","protected":false},"excerpt":{"rendered":"<p>Contrat d&rsquo;apprentissage Le contrat d\u2019apprentissage est un contrat de travail d\u2019une dur\u00e9e moyenne de un an, pass\u00e9 entre l\u2019apprenti et la structure d\u2019accueil. Il peut \u00eatre conclu pour des \u00e9tudiants<a href=\"http:\/\/master-patrimoine-culturel.fr\/fr\/index.php\/apprentissage-stage\/\" class=\"more-link\"><span class=\"readmore\">Continue reading<span class=\"screen-reader-text\">Apprentissage \/ Stage<\/span><\/span><\/a><\/p>\n","protected":false},"author":3,"featured_media":0,"parent":0,"menu_order":0,"comment_status":"closed","ping_status":"closed","template":"","meta":[],"_links":{"self":[{"href":"http:\/\/master-patrimoine-culturel.fr\/fr\/index.php\/wp-json\/wp\/v2\/pages\/30"}],"collection":[{"href":"http:\/\/master-patrimoine-culturel.fr\/fr\/index.php\/wp-json\/wp\/v2\/pages"}],"about":[{"href":"http:\/\/master-patrimoine-culturel.fr\/fr\/index.php\/wp-json\/wp\/v2\/types\/page"}],"author":[{"embeddable":true,"href":"http:\/\/master-patrimoine-culturel.fr\/fr\/index.php\/wp-json\/wp\/v2\/users\/3"}],"replies":[{"embeddable":true,"href":"http:\/\/master-patrimoine-culturel.fr\/fr\/index.php\/wp-json\/wp\/v2\/comments?post=30"}],"version-history":[{"count":22,"href":"http:\/\/master-patrimoine-culturel.fr\/fr\/index.php\/wp-json\/wp\/v2\/pages\/30\/revisions"}],"predecessor-version":[{"id":586,"href":"http:\/\/master-patrimoine-culturel.fr\/fr\/index.php\/wp-json\/wp\/v2\/pages\/30\/revisions\/586"}],"wp:attachment":[{"href":"http:\/\/master-patrimoine-culturel.fr\/fr\/index.php\/wp-json\/wp\/v2\/media?parent=30"}],"curies":[{"name":"wp","href":"https:\/\/api.w.org\/{rel}","templated":true}]}}