{"id":31,"date":"2022-10-17T15:19:36","date_gmt":"2022-10-17T13:19:36","guid":{"rendered":"http:\/\/master-patrimoine-culturel.fr\/fr\/?page_id=31"},"modified":"2026-03-18T16:06:27","modified_gmt":"2026-03-18T15:06:27","slug":"contact","status":"publish","type":"page","link":"http:\/\/master-patrimoine-culturel.fr\/fr\/index.php\/contact\/","title":{"rendered":"Contact"},"content":{"rendered":"\n<p><\/p>\n\n\n\n<div class=\"wp-container-7 wp-block-columns\">\n<div class=\"wp-container-2 wp-block-column\">\n<div class=\"wp-container-1 is-content-justification-center wp-block-buttons\">\n<div class=\"wp-block-button is-style-fill\"><a class=\"wp-block-button__link\">Scolarit\u00e9<\/a><\/div>\n<\/div>\n\n\n\n<p><\/p>\n\n\n\n<figure class=\"wp-block-image size-large\"><img loading=\"lazy\" width=\"1024\" height=\"576\" src=\"http:\/\/master-patrimoine-culturel.fr\/fr\/wp-content\/uploads\/2022\/10\/scolarite-1024x576.jpg\" alt=\"\" class=\"wp-image-81\" srcset=\"http:\/\/master-patrimoine-culturel.fr\/fr\/wp-content\/uploads\/2022\/10\/scolarite-1024x576.jpg 1024w, http:\/\/master-patrimoine-culturel.fr\/fr\/wp-content\/uploads\/2022\/10\/scolarite-300x169.jpg 300w, http:\/\/master-patrimoine-culturel.fr\/fr\/wp-content\/uploads\/2022\/10\/scolarite-768x432.jpg 768w, http:\/\/master-patrimoine-culturel.fr\/fr\/wp-content\/uploads\/2022\/10\/scolarite-990x556.jpg 990w, http:\/\/master-patrimoine-culturel.fr\/fr\/wp-content\/uploads\/2022\/10\/scolarite.jpg 1213w\" sizes=\"(max-width: 1024px) 100vw, 1024px\" \/><\/figure>\n\n\n\n<p class=\"has-text-align-center\">masterapt.deg@univ-orleans.fr<\/p>\n\n\n\n<p class=\"has-text-align-center\"><strong>Secr\u00e9tariat du M2<\/strong><br>T\u00e9l : 02 38 49 46 37<\/p>\n\n\n\n<p class=\"has-text-align-center\"><strong>Secr\u00e9tariat du M<\/strong>1<br>T\u00e9l : 02 38 49 71 57<\/p>\n\n\n\n<p class=\"has-text-align-center\"><\/p>\n<\/div>\n\n\n\n<div class=\"wp-container-4 wp-block-column\">\n<div class=\"wp-container-3 is-content-justification-center wp-block-buttons alignwide\">\n<div class=\"wp-block-button\"><a class=\"wp-block-button__link\">Secr\u00e9tariat administratif<\/a><\/div>\n<\/div>\n\n\n\n<p><\/p>\n\n\n\n<figure class=\"wp-block-image size-large\"><img loading=\"lazy\" width=\"1024\" height=\"576\" src=\"http:\/\/master-patrimoine-culturel.fr\/fr\/wp-content\/uploads\/2022\/10\/secretariat-administratif-1-1024x576.jpg\" alt=\"\" class=\"wp-image-95\" srcset=\"http:\/\/master-patrimoine-culturel.fr\/fr\/wp-content\/uploads\/2022\/10\/secretariat-administratif-1-1024x576.jpg 1024w, http:\/\/master-patrimoine-culturel.fr\/fr\/wp-content\/uploads\/2022\/10\/secretariat-administratif-1-300x169.jpg 300w, http:\/\/master-patrimoine-culturel.fr\/fr\/wp-content\/uploads\/2022\/10\/secretariat-administratif-1-768x432.jpg 768w, http:\/\/master-patrimoine-culturel.fr\/fr\/wp-content\/uploads\/2022\/10\/secretariat-administratif-1-990x556.jpg 990w, http:\/\/master-patrimoine-culturel.fr\/fr\/wp-content\/uploads\/2022\/10\/secretariat-administratif-1.jpg 1213w\" sizes=\"(max-width: 1024px) 100vw, 1024px\" \/><\/figure>\n\n\n\n<p class=\"has-text-align-center\">masterapt.deg@univ-orleans.fr <\/p>\n\n\n\n<p class=\"has-text-align-center\">T\u00e9l : 02 38 41 71 57<\/p>\n<\/div>\n\n\n\n<div class=\"wp-container-6 wp-block-column\">\n<div class=\"wp-container-5 is-content-justification-center wp-block-buttons\">\n<div class=\"wp-block-button\"><a class=\"wp-block-button__link\">Apprentissage &#8211; Master 2<\/a><\/div>\n<\/div>\n\n\n\n<p><\/p>\n\n\n\n<figure class=\"wp-block-image size-large\"><img loading=\"lazy\" width=\"1024\" height=\"576\" src=\"http:\/\/master-patrimoine-culturel.fr\/fr\/wp-content\/uploads\/2022\/10\/Apprentissage-1024x576.jpg\" alt=\"\" class=\"wp-image-98\" srcset=\"http:\/\/master-patrimoine-culturel.fr\/fr\/wp-content\/uploads\/2022\/10\/Apprentissage-1024x576.jpg 1024w, http:\/\/master-patrimoine-culturel.fr\/fr\/wp-content\/uploads\/2022\/10\/Apprentissage-300x169.jpg 300w, http:\/\/master-patrimoine-culturel.fr\/fr\/wp-content\/uploads\/2022\/10\/Apprentissage-768x432.jpg 768w, http:\/\/master-patrimoine-culturel.fr\/fr\/wp-content\/uploads\/2022\/10\/Apprentissage-990x556.jpg 990w, http:\/\/master-patrimoine-culturel.fr\/fr\/wp-content\/uploads\/2022\/10\/Apprentissage.jpg 1213w\" sizes=\"(max-width: 1024px) 100vw, 1024px\" \/><\/figure>\n\n\n\n<p class=\"has-text-align-center\">apprentissage.deg@univ-orleans.fr<\/p>\n\n\n\n<p class=\"has-text-align-center\"><strong>Secr\u00e9tariat apprentissage<\/strong><br>T\u00e9l. : 02 38 41 70 29<\/p>\n<\/div>\n<\/div>\n\n\n\n<p><\/p>\n\n\n\n<p><\/p>\n\n\n\n<p class=\"has-text-align-center\">UFR Droit \u00c9conomie Gestion<br>Rue de Blois \u2013 BP 26739<br>45067 ORL\u00c9ANS CEDEX 2<\/p>\n","protected":false},"excerpt":{"rendered":"<p>masterapt.deg@univ-orleans.fr Secr\u00e9tariat du M2T\u00e9l : 02 38 49 46 37 Secr\u00e9tariat du M1T\u00e9l : 02 38 49 71 57 masterapt.deg@univ-orleans.fr T\u00e9l : 02 38 41 71 57 apprentissage.deg@univ-orleans.fr Secr\u00e9tariat apprentissageT\u00e9l.<a href=\"http:\/\/master-patrimoine-culturel.fr\/fr\/index.php\/contact\/\" class=\"more-link\"><span class=\"readmore\">Continue reading<span class=\"screen-reader-text\">Contact<\/span><\/span><\/a><\/p>\n","protected":false},"author":8,"featured_media":0,"parent":0,"menu_order":0,"comment_status":"closed","ping_status":"closed","template":"","meta":[],"_links":{"self":[{"href":"http:\/\/master-patrimoine-culturel.fr\/fr\/index.php\/wp-json\/wp\/v2\/pages\/31"}],"collection":[{"href":"http:\/\/master-patrimoine-culturel.fr\/fr\/index.php\/wp-json\/wp\/v2\/pages"}],"about":[{"href":"http:\/\/master-patrimoine-culturel.fr\/fr\/index.php\/wp-json\/wp\/v2\/types\/page"}],"author":[{"embeddable":true,"href":"http:\/\/master-patrimoine-culturel.fr\/fr\/index.php\/wp-json\/wp\/v2\/users\/8"}],"replies":[{"embeddable":true,"href":"http:\/\/master-patrimoine-culturel.fr\/fr\/index.php\/wp-json\/wp\/v2\/comments?post=31"}],"version-history":[{"count":18,"href":"http:\/\/master-patrimoine-culturel.fr\/fr\/index.php\/wp-json\/wp\/v2\/pages\/31\/revisions"}],"predecessor-version":[{"id":852,"href":"http:\/\/master-patrimoine-culturel.fr\/fr\/index.php\/wp-json\/wp\/v2\/pages\/31\/revisions\/852"}],"wp:attachment":[{"href":"http:\/\/master-patrimoine-culturel.fr\/fr\/index.php\/wp-json\/wp\/v2\/media?parent=31"}],"curies":[{"name":"wp","href":"https:\/\/api.w.org\/{rel}","templated":true}]}}