{"id":43,"date":"2022-10-17T15:29:23","date_gmt":"2022-10-17T13:29:23","guid":{"rendered":"http:\/\/master-patrimoine-culturel.fr\/fr\/?page_id=43"},"modified":"2022-11-28T15:08:46","modified_gmt":"2022-11-28T14:08:46","slug":"maquette-du-diplome-m2","status":"publish","type":"page","link":"http:\/\/master-patrimoine-culturel.fr\/fr\/index.php\/maquette-du-diplome-m2\/","title":{"rendered":"Maquette Du Dipl\u00f4me M2"},"content":{"rendered":"\n<div class=\"wp-container-1 wp-block-buttons\"><\/div>\n\n\n\n<figure class=\"wp-container-3 wp-block-gallery-2 wp-block-gallery has-nested-images columns-default is-cropped\"><\/figure>\n\n\n\n<h2>Semestre 9<\/h2>\n\n\n\n<ul><li>Bloc 1 : Droit, institutions &amp; politique du patrimoine<\/li><\/ul>\n\n\n\n<figure class=\"wp-block-table is-style-stripes\"><table><tbody><tr><td>Droit &amp; institutions du patrimoine<\/td><td class=\"has-text-align-center\" data-align=\"center\">4<\/td><td class=\"has-text-align-center\" data-align=\"center\">33h TD<\/td><\/tr><tr><td>Histoire du patrimoine<\/td><td class=\"has-text-align-center\" data-align=\"center\">4<\/td><td class=\"has-text-align-center\" data-align=\"center\">22h TD<\/td><\/tr><tr><td>March\u00e9s publics<\/td><td class=\"has-text-align-center\" data-align=\"center\">3<\/td><td class=\"has-text-align-center\" data-align=\"center\">20h CM<\/td><\/tr><tr><td>Politique culturelle<\/td><td class=\"has-text-align-center\" data-align=\"center\">3<\/td><td class=\"has-text-align-center\" data-align=\"center\">22h TD<\/td><\/tr><\/tbody><\/table><\/figure>\n\n\n\n<ul><li>Bloc 2 : Patrimoine, tourisme &amp; d\u00e9veloppement<\/li><\/ul>\n\n\n\n<figure class=\"wp-block-table is-style-stripes\"><table><tbody><tr><td>Patrimoine, tourisme &amp; d\u00e9veloppement<\/td><td class=\"has-text-align-center\" data-align=\"center\">5*<\/td><td class=\"has-text-align-center\" data-align=\"center\">20h TD<\/td><\/tr><tr><td>Programmes &amp; financements europ\u00e9ens<\/td><td class=\"has-text-align-center\" data-align=\"center\">5*<\/td><td class=\"has-text-align-center\" data-align=\"center\">21h TD<\/td><\/tr><\/tbody><\/table><figcaption>*Contr\u00f4le al\u00e9atoire par tirage au sort<\/figcaption><\/figure>\n\n\n\n<ul><li>Bloc 3 : Publics &amp; m\u00e9diation culturelle<\/li><\/ul>\n\n\n\n<figure class=\"wp-block-table is-style-stripes\"><table><tbody><tr><td>\u00c9tude &amp; accueil des publics<\/td><td class=\"has-text-align-center\" data-align=\"center\">5*<\/td><td class=\"has-text-align-center\" data-align=\"center\">12h TD<\/td><\/tr><tr><td>M\u00e9diation culturelle<\/td><td class=\"has-text-align-center\" data-align=\"center\">5*<\/td><td class=\"has-text-align-center\" data-align=\"center\">15h TD<\/td><\/tr><tr><td>Nouveaux outils de m\u00e9diation &amp; de communication<\/td><td class=\"has-text-align-center\" data-align=\"center\">5*<\/td><td class=\"has-text-align-center\" data-align=\"center\">12h TD<\/td><\/tr><\/tbody><\/table><figcaption>*Contr\u00f4le al\u00e9atoire par tirage au sort<\/figcaption><\/figure>\n\n\n\n<ul><li>Bloc 4 : Montage de projet<\/li><\/ul>\n\n\n\n<figure class=\"wp-block-table is-style-stripes\"><table><tbody><tr><td>M\u00e9thodologie de montage de projet<\/td><td class=\"has-text-align-center\" data-align=\"center\">2<\/td><td class=\"has-text-align-center\" data-align=\"center\">12h TD<\/td><\/tr><tr><td>Cas pratique montage de projet<\/td><td class=\"has-text-align-center\" data-align=\"center\">2<\/td><td class=\"has-text-align-center\" data-align=\"center\">12h TD<\/td><\/tr><tr><td>Management des syst\u00e8mes d\u2019information num\u00e9rique &amp; r\u00e9seaux sociaux<\/td><td class=\"has-text-align-center\" data-align=\"center\">2<\/td><td class=\"has-text-align-center\" data-align=\"center\">15h CM<\/td><\/tr><tr><td>Ateliers techniques de recherches d\u2019emploi<\/td><td class=\"has-text-align-center\" data-align=\"center\"><\/td><td class=\"has-text-align-center\" data-align=\"center\">9h TD<\/td><\/tr><tr><td>S\u00e9minaire d\u2019actualit\u00e9<\/td><td class=\"has-text-align-center\" data-align=\"center\"><\/td><td class=\"has-text-align-center\" data-align=\"center\"><\/td><\/tr><\/tbody><\/table><\/figure>\n\n\n\n<h2>Semestre 10<\/h2>\n\n\n\n<ul><li>Bloc 5 : Audit &amp; gestion d&rsquo;un service du patrimoine<\/li><\/ul>\n\n\n\n<figure class=\"wp-block-table is-style-stripes\"><table><tbody><tr><td>Audit, contr\u00f4le &amp; gestion financi\u00e8re<\/td><td class=\"has-text-align-center\" data-align=\"center\">5<\/td><td class=\"has-text-align-center\" data-align=\"center\">30h TD<\/td><\/tr><tr><td>Modes administratifs de gestion &amp; financements de projets<\/td><td class=\"has-text-align-center\" data-align=\"center\">4<\/td><td class=\"has-text-align-center\" data-align=\"center\">20h TD<\/td><\/tr><\/tbody><\/table><\/figure>\n\n\n\n<ul><li>Bloc 6 : Les patrimoines sur le territoire<\/li><\/ul>\n\n\n\n<figure class=\"wp-block-table is-style-stripes\"><table><tbody><tr><td>Typologie &amp; diversit\u00e9 patrimoniale culturelle<\/td><td class=\"has-text-align-center\" data-align=\"center\">4*<\/td><td class=\"has-text-align-center\" data-align=\"center\">20h TD<\/td><\/tr><tr><td>Protection des paysages &amp; du patrimoine naturel<\/td><td class=\"has-text-align-center\" data-align=\"center\">4*<\/td><td class=\"has-text-align-center\" data-align=\"center\">20h TD<\/td><\/tr><tr><td>Histoire de l&rsquo;art<\/td><td class=\"has-text-align-center\" data-align=\"center\">4*<\/td><td class=\"has-text-align-center\" data-align=\"center\">21h CM<\/td><\/tr><\/tbody><\/table><figcaption>*Contr\u00f4le al\u00e9atoire par tirage au sort<\/figcaption><\/figure>\n\n\n\n<ul><li>Bloc 7 : Conservation &amp; marketing du patrimoine<\/li><\/ul>\n\n\n\n<figure class=\"wp-block-table is-style-stripes\"><table><tbody><tr><td>Conservation pr\u00e9ventive &amp; restauration<\/td><td class=\"has-text-align-center\" data-align=\"center\">4*<\/td><td class=\"has-text-align-center\" data-align=\"center\">24h TD<\/td><\/tr><tr><td>Marketing patrimonial<\/td><td class=\"has-text-align-center\" data-align=\"center\">4*<\/td><td class=\"has-text-align-center\" data-align=\"center\">16h TD<\/td><\/tr><tr><td>Hygi\u00e8ne &amp; s\u00e9curit\u00e9 dans les lieux de patrimoine<\/td><td class=\"has-text-align-center\" data-align=\"center\">1<\/td><td class=\"has-text-align-center\" data-align=\"center\">3h CM<\/td><\/tr><\/tbody><\/table><figcaption>*Contr\u00f4le al\u00e9atoire par tirage au sort<\/figcaption><\/figure>\n\n\n\n<ul><li>Bloc 8 : Technologies de l&rsquo;information &amp; de la communication appliqu\u00e9es au patrimoine<\/li><\/ul>\n\n\n\n<figure class=\"wp-block-table is-style-stripes\"><table><tbody><tr><td>Traitement de l&rsquo;image<\/td><td class=\"has-text-align-center\" data-align=\"center\">1<\/td><td class=\"has-text-align-center\" data-align=\"center\">10h TD<\/td><\/tr><tr><td>Syst\u00e8me de gestion de contenu<br>Sites internet<\/td><td class=\"has-text-align-center\" data-align=\"center\">2<\/td><td class=\"has-text-align-center\" data-align=\"center\">10h TD<\/td><\/tr><\/tbody><\/table><\/figure>\n\n\n\n<ul><li>Bloc 9 : Travaux professionnels<\/li><\/ul>\n\n\n\n<figure class=\"wp-block-table is-style-stripes\"><table><tbody><tr><td>Conduite d&rsquo;un projet professionnel (m\u00e9moire collectif)<\/td><td class=\"has-text-align-center\" data-align=\"center\">4<\/td><td class=\"has-text-align-center\" data-align=\"center\">5h TD<\/td><\/tr><\/tbody><\/table><\/figure>\n\n\n\n<ul><li>Rapport individuel de stage ou Rapport d&rsquo;apprentissage professionnel<\/li><\/ul>\n\n\n\n<figure class=\"wp-block-table is-style-stripes\"><table><tbody><tr><td>Rapport individuel de stage (stage, rapport, soutenance)<br>Rapport d&rsquo;apprentissage ou professionnel (apprentissage, rapport, soutenance)<\/td><td class=\"has-text-align-center\" data-align=\"center\">5<\/td><td><\/td><\/tr><\/tbody><\/table><\/figure>\n\n\n\n<div class=\"wp-container-6 wp-block-group\"><div class=\"wp-block-group__inner-container\">\n<div class=\"wp-container-5 wp-block-columns\">\n<div class=\"wp-container-4 wp-block-column\" style=\"flex-basis:100%\">\n<p><\/p>\n<\/div>\n<\/div>\n<\/div><\/div>\n\n\n\n<div class=\"wp-container-9 wp-block-columns\">\n<div class=\"wp-container-8 wp-block-column\" style=\"flex-basis:100%\">\n<div class=\"wp-container-7 wp-block-buttons alignwide\"><\/div>\n<\/div>\n<\/div>\n","protected":false},"excerpt":{"rendered":"<p>Semestre 9 Bloc 1 : Droit, institutions &amp; politique du patrimoine Droit &amp; institutions du patrimoine 4 33h TD Histoire du patrimoine 4 22h TD March\u00e9s publics 3 20h CM<a href=\"http:\/\/master-patrimoine-culturel.fr\/fr\/index.php\/maquette-du-diplome-m2\/\" class=\"more-link\"><span class=\"readmore\">Continue reading<span class=\"screen-reader-text\">Maquette Du Dipl\u00f4me M2<\/span><\/span><\/a><\/p>\n","protected":false},"author":9,"featured_media":0,"parent":0,"menu_order":0,"comment_status":"closed","ping_status":"closed","template":"","meta":[],"_links":{"self":[{"href":"http:\/\/master-patrimoine-culturel.fr\/fr\/index.php\/wp-json\/wp\/v2\/pages\/43"}],"collection":[{"href":"http:\/\/master-patrimoine-culturel.fr\/fr\/index.php\/wp-json\/wp\/v2\/pages"}],"about":[{"href":"http:\/\/master-patrimoine-culturel.fr\/fr\/index.php\/wp-json\/wp\/v2\/types\/page"}],"author":[{"embeddable":true,"href":"http:\/\/master-patrimoine-culturel.fr\/fr\/index.php\/wp-json\/wp\/v2\/users\/9"}],"replies":[{"embeddable":true,"href":"http:\/\/master-patrimoine-culturel.fr\/fr\/index.php\/wp-json\/wp\/v2\/comments?post=43"}],"version-history":[{"count":22,"href":"http:\/\/master-patrimoine-culturel.fr\/fr\/index.php\/wp-json\/wp\/v2\/pages\/43\/revisions"}],"predecessor-version":[{"id":557,"href":"http:\/\/master-patrimoine-culturel.fr\/fr\/index.php\/wp-json\/wp\/v2\/pages\/43\/revisions\/557"}],"wp:attachment":[{"href":"http:\/\/master-patrimoine-culturel.fr\/fr\/index.php\/wp-json\/wp\/v2\/media?parent=43"}],"curies":[{"name":"wp","href":"https:\/\/api.w.org\/{rel}","templated":true}]}}