{"id":51,"date":"2022-10-17T15:05:36","date_gmt":"2022-10-17T13:05:36","guid":{"rendered":"http:\/\/master-patrimoine-culturel.fr\/fr\/?page_id=51"},"modified":"2026-03-18T15:52:41","modified_gmt":"2026-03-18T14:52:41","slug":"association","status":"publish","type":"page","link":"http:\/\/master-patrimoine-culturel.fr\/fr\/index.php\/association\/","title":{"rendered":"Association"},"content":{"rendered":"\n<p>Cr\u00e9\u00e9e le 20 d\u00e9cembre 2002, inscrite au Journal Officiel le 8 f\u00e9vrier 2003, l\u2019association voit se succ\u00e9der les diff\u00e9rentes promotions du master 2 Gestion et Droit du Patrimoine Culturel et leurs approches vari\u00e9es sur la question de la valorisation patrimoniale.<\/p>\n\n\n<div class=\"wp-block-image\">\n<figure class=\"aligncenter size-large is-resized\"><img loading=\"lazy\" src=\"http:\/\/master-patrimoine-culturel.fr\/fr\/wp-content\/uploads\/2022\/11\/313341538_643825110540028_2355512213525443578_n-edited.png\" alt=\"\" class=\"wp-image-235\" width=\"781\" height=\"488\" srcset=\"http:\/\/master-patrimoine-culturel.fr\/fr\/wp-content\/uploads\/2022\/11\/313341538_643825110540028_2355512213525443578_n-edited.png 1939w, http:\/\/master-patrimoine-culturel.fr\/fr\/wp-content\/uploads\/2022\/11\/313341538_643825110540028_2355512213525443578_n-edited-300x188.png 300w, http:\/\/master-patrimoine-culturel.fr\/fr\/wp-content\/uploads\/2022\/11\/313341538_643825110540028_2355512213525443578_n-edited-1024x640.png 1024w, http:\/\/master-patrimoine-culturel.fr\/fr\/wp-content\/uploads\/2022\/11\/313341538_643825110540028_2355512213525443578_n-edited-768x480.png 768w, http:\/\/master-patrimoine-culturel.fr\/fr\/wp-content\/uploads\/2022\/11\/313341538_643825110540028_2355512213525443578_n-edited-1536x960.png 1536w\" sizes=\"(max-width: 781px) 100vw, 781px\" \/><\/figure><\/div>\n\n\n<h2>Objectifs<\/h2>\n\n\n\n<p>L\u2019objectif de l\u2019association GLPC est de permettre aux \u00e9tudiants du master de d\u00e9couvrir concr\u00e8tement le montage d&rsquo;\u00e9v\u00e9nements culturels, de mettre en application les enseignements et d\u2019acqu\u00e9rir l&rsquo;exp\u00e9rience tant demand\u00e9e par les acteurs du milieu professionnel.<\/p>\n\n\n\n<p>En effet, nous abordons plusieurs questions :<\/p>\n\n\n\n<ul><li>Quelle animation pour quel(s) public(s) ?<br><\/li><li>Quel(s) lieu(x) et quelles d\u00e9marches doivent \u00eatre mises en place aupr\u00e8s des collectivit\u00e9s territoriales ?<br><\/li><li>Comment r\u00e9aliser un budget et concevoir une demande de subvention ?<br><\/li><li>Comment r\u00e9aliser les diff\u00e9rentes phases du mode projet ?<br><\/li><li>Comment mettre en place des indicateurs de r\u00e9ussite et d&rsquo;\u00e9valuation de l\u2019\u00e9v\u00e9nement ?<br><\/li><\/ul>\n\n\n\n<h2>Statuts<\/h2>\n\n\n\n<p>L\u2019association est une association \u00e0 but non lucratif de type 1901.<br><\/p>\n\n\n\n<h2>Contact<\/h2>\n\n\n\n<hr class=\"wp-block-separator has-alpha-channel-opacity\"\/>\n\n\n<p>Universit\u00e9 d\u2019Orl\u00e9ans <br>UFR Collegium droit, \u00e9conomie et gestion <br>Centre de Recherche Juridique Pothier <br>Rue de Blois \u2013 BP 6739 <br>45067 Orl\u00e9ans Cedex 2<\/p>\n\n\n<figure class=\"wp-block-table\"><table><tbody><tr><td><a href=\"mailto:asso.glpc@gmail.com\" target=\"_blank\" rel=\"noopener\"><img src=\"http:\/\/master-patrimoine-culturel.fr\/fr\/wp-content\/uploads\/2022\/11\/Gmail_Icon.png\" width=\"30\"><\/a><\/td><td><a href=\"https:\/\/www.facebook.com\/AssociationGLPC\/\" target=\"_blank\" rel=\"noopener\"><img src=\"http:\/\/master-patrimoine-culturel.fr\/fr\/wp-content\/uploads\/2022\/11\/Facebook_f_logo_2019.svg_.webp\" width=\"30\"><\/a><\/td><td><a href=\"https:\/\/www.instagram.com\/asso.glpc\/?hl=fr\" target=\"_blank\" rel=\"noopener\"><img src=\"http:\/\/master-patrimoine-culturel.fr\/fr\/wp-content\/uploads\/2022\/11\/Instagram_icon.png.webp\" width=\"30\"><\/a><\/td><td><a href=\"https:\/\/www.linkedin.com\/company\/m2-droit-public-gestion-locale-du-patrimoine-culturel\/\" target=\"_blank\" rel=\"noopener\"><img src=\"http:\/\/master-patrimoine-culturel.fr\/fr\/wp-content\/uploads\/2022\/11\/LinkedIn_icon.svg_-1024x1024.png\" width=\"30\"><\/a><\/td><\/tr><\/tbody><\/table><\/figure>\n","protected":false},"excerpt":{"rendered":"<p>Cr\u00e9\u00e9e le 20 d\u00e9cembre 2002, inscrite au Journal Officiel le 8 f\u00e9vrier 2003, l\u2019association voit se succ\u00e9der les diff\u00e9rentes promotions du master 2 Gestion et Droit du Patrimoine Culturel et<a href=\"http:\/\/master-patrimoine-culturel.fr\/fr\/index.php\/association\/\" class=\"more-link\"><span class=\"readmore\">Continue reading<span class=\"screen-reader-text\">Association<\/span><\/span><\/a><\/p>\n","protected":false},"author":7,"featured_media":0,"parent":0,"menu_order":0,"comment_status":"closed","ping_status":"closed","template":"","meta":[],"_links":{"self":[{"href":"http:\/\/master-patrimoine-culturel.fr\/fr\/index.php\/wp-json\/wp\/v2\/pages\/51"}],"collection":[{"href":"http:\/\/master-patrimoine-culturel.fr\/fr\/index.php\/wp-json\/wp\/v2\/pages"}],"about":[{"href":"http:\/\/master-patrimoine-culturel.fr\/fr\/index.php\/wp-json\/wp\/v2\/types\/page"}],"author":[{"embeddable":true,"href":"http:\/\/master-patrimoine-culturel.fr\/fr\/index.php\/wp-json\/wp\/v2\/users\/7"}],"replies":[{"embeddable":true,"href":"http:\/\/master-patrimoine-culturel.fr\/fr\/index.php\/wp-json\/wp\/v2\/comments?post=51"}],"version-history":[{"count":23,"href":"http:\/\/master-patrimoine-culturel.fr\/fr\/index.php\/wp-json\/wp\/v2\/pages\/51\/revisions"}],"predecessor-version":[{"id":844,"href":"http:\/\/master-patrimoine-culturel.fr\/fr\/index.php\/wp-json\/wp\/v2\/pages\/51\/revisions\/844"}],"wp:attachment":[{"href":"http:\/\/master-patrimoine-culturel.fr\/fr\/index.php\/wp-json\/wp\/v2\/media?parent=51"}],"curies":[{"name":"wp","href":"https:\/\/api.w.org\/{rel}","templated":true}]}}