{"id":623,"date":"2023-11-06T18:38:00","date_gmt":"2023-11-06T17:38:00","guid":{"rendered":"http:\/\/master-patrimoine-culturel.fr\/fr\/?page_id=623"},"modified":"2023-11-27T20:21:39","modified_gmt":"2023-11-27T19:21:39","slug":"lacademie-dagriculture-des-sciences-des-belles-lettres-et-des-arts","status":"publish","type":"page","link":"http:\/\/master-patrimoine-culturel.fr\/fr\/index.php\/lacademie-dagriculture-des-sciences-des-belles-lettres-et-des-arts\/","title":{"rendered":"L&rsquo;Acad\u00e9mie d&rsquo;agriculture, des sciences, des belles-lettres et des arts"},"content":{"rendered":"\n<div class=\"wp-block-media-text alignwide is-stacked-on-mobile\" style=\"grid-template-columns:24% auto\"><figure class=\"wp-block-media-text__media\"><img loading=\"lazy\" width=\"250\" height=\"119\" src=\"http:\/\/master-patrimoine-culturel.fr\/fr\/wp-content\/uploads\/2023\/11\/logo-academie-d-Orleans.jpg\" alt=\"\" class=\"wp-image-705 size-full\"\/><\/figure><div class=\"wp-block-media-text__content\">\n<p><\/p>\n<\/div><\/div>\n\n\n\n<p class=\"has-black-color has-text-color\"><strong>Histoire<\/strong><\/p>\n\n\n\n<div class=\"wp-block-media-text alignwide is-stacked-on-mobile\"><figure class=\"wp-block-media-text__media\"><img loading=\"lazy\" width=\"567\" height=\"552\" src=\"http:\/\/master-patrimoine-culturel.fr\/fr\/wp-content\/uploads\/2023\/11\/306725703_414324204147913_6702627135201149250_n-Copie.jpg\" alt=\"\" class=\"wp-image-707 size-full\" srcset=\"http:\/\/master-patrimoine-culturel.fr\/fr\/wp-content\/uploads\/2023\/11\/306725703_414324204147913_6702627135201149250_n-Copie.jpg 567w, http:\/\/master-patrimoine-culturel.fr\/fr\/wp-content\/uploads\/2023\/11\/306725703_414324204147913_6702627135201149250_n-Copie-300x292.jpg 300w\" sizes=\"(max-width: 567px) 100vw, 567px\" \/><\/figure><div class=\"wp-block-media-text__content\">\n<p>L&rsquo;Acad\u00e9mie d&rsquo;Orl\u00e9ans est l&rsquo;h\u00e9riti\u00e8re de soci\u00e9t\u00e9s savantes existant au XVIIIe si\u00e8cle. Supprim\u00e9e sous la R\u00e9volution, elle fut restaur\u00e9e en 1809 et d\u00e9cr\u00e9t\u00e9e d&rsquo;utilit\u00e9 publique le 5 mars 1875. Elle portera le nom de Soci\u00e9t\u00e9 d&rsquo;Agriculture, Sciences, Belles-Lettres et Arts pendant pr\u00e8s de deux si\u00e8cles avant de prendre celui d&rsquo;Acad\u00e9mie d&rsquo;Orl\u00e9ans en 1996.<\/p>\n\n\n\n<p>Depuis 1809, l&rsquo;Acad\u00e9mie a son si\u00e8ge 5, rue Antoine Petit, dans ce qui \u00e9tait au XVIIIe le Coll\u00e8ge Royal des Chirurgiens et o\u00f9 Antoine Petit \u00e9tablit le bureau de consultation m\u00e9dicale gratuite pour les indigents, organisme qu&rsquo;il avait fond\u00e9 et que la R\u00e9volution a supprim\u00e9.<\/p>\n\n\n\n<p class=\"has-text-align-left\">Parmi ses travaux r\u00e9cents, l&rsquo;Acad\u00e9mie d&rsquo;Orl\u00e9ans a contribu\u00e9 \u00e0 faire mieux conna\u00eetre l&rsquo;\u0153uvre de Duhamel du Monceau, grand agronome du Si\u00e8cle des Lumi\u00e8res, dont le mascaron figure sur la fa\u00e7ade de l&rsquo;Acad\u00e9mie.<\/p>\n<\/div><\/div>\n\n\n\n<p class=\"has-black-color has-text-color\"><strong>Buts et activit\u00e9s de l&rsquo;Acad\u00e9mie d&rsquo;Orl\u00e9ans<\/strong><\/p>\n\n\n\n<div class=\"wp-block-media-text alignwide has-media-on-the-right is-stacked-on-mobile\"><figure class=\"wp-block-media-text__media\"><img loading=\"lazy\" width=\"1024\" height=\"768\" src=\"http:\/\/master-patrimoine-culturel.fr\/fr\/wp-content\/uploads\/2023\/11\/IMG-20231127-WA0017-1024x768.jpg\" alt=\"\" class=\"wp-image-708 size-full\" srcset=\"http:\/\/master-patrimoine-culturel.fr\/fr\/wp-content\/uploads\/2023\/11\/IMG-20231127-WA0017-1024x768.jpg 1024w, http:\/\/master-patrimoine-culturel.fr\/fr\/wp-content\/uploads\/2023\/11\/IMG-20231127-WA0017-300x225.jpg 300w, http:\/\/master-patrimoine-culturel.fr\/fr\/wp-content\/uploads\/2023\/11\/IMG-20231127-WA0017-768x576.jpg 768w, http:\/\/master-patrimoine-culturel.fr\/fr\/wp-content\/uploads\/2023\/11\/IMG-20231127-WA0017-1536x1152.jpg 1536w, http:\/\/master-patrimoine-culturel.fr\/fr\/wp-content\/uploads\/2023\/11\/IMG-20231127-WA0017-960x720.jpg 960w, http:\/\/master-patrimoine-culturel.fr\/fr\/wp-content\/uploads\/2023\/11\/IMG-20231127-WA0017-640x480.jpg 640w, http:\/\/master-patrimoine-culturel.fr\/fr\/wp-content\/uploads\/2023\/11\/IMG-20231127-WA0017.jpg 1600w\" sizes=\"(max-width: 1024px) 100vw, 1024px\" \/><\/figure><div class=\"wp-block-media-text__content\">\n<p>L&rsquo;Acad\u00e9mie a pour objet l&rsquo;\u00e9tude des questions relatives aux sciences agronomiques, physiques, naturelles, m\u00e9dicales, \u00e9conomiques et humaines, ainsi qu&rsquo;aux belles-lettres et aux arts, plus sp\u00e9cialement en ce qui concerne Orl\u00e9ans et le d\u00e9partement du Loiret. <\/p>\n\n\n\n<p>Elle r\u00e9unit ses membres deux fois par mois. Chacune de ses s\u00e9ances est l&rsquo;occasion pour un acad\u00e9micien de pr\u00e9senter ses travaux sous forme d&rsquo;une communication pour traiter d&rsquo;un sujet de fond ou de br\u00e8ves g\u00e9n\u00e9ralement d\u00e9di\u00e9es aux d\u00e9couvertes scientifiques. La s\u00e9ance se poursuit par un d\u00e9bat. La diversit\u00e9 des sp\u00e9cialit\u00e9s de chacun des membres conf\u00e8re \u00e0 ces \u00e9changes une grande richesse.<\/p>\n<\/div><\/div>\n\n\n\n<div class=\"wp-block-media-text alignwide is-stacked-on-mobile\" style=\"grid-template-columns:39% auto\"><figure class=\"wp-block-media-text__media\"><img loading=\"lazy\" width=\"763\" height=\"1024\" src=\"http:\/\/master-patrimoine-culturel.fr\/fr\/wp-content\/uploads\/2023\/11\/CCI_000002-763x1024.jpg\" alt=\"\" class=\"wp-image-709 size-full\" srcset=\"http:\/\/master-patrimoine-culturel.fr\/fr\/wp-content\/uploads\/2023\/11\/CCI_000002-763x1024.jpg 763w, http:\/\/master-patrimoine-culturel.fr\/fr\/wp-content\/uploads\/2023\/11\/CCI_000002-223x300.jpg 223w, http:\/\/master-patrimoine-culturel.fr\/fr\/wp-content\/uploads\/2023\/11\/CCI_000002-768x1031.jpg 768w, http:\/\/master-patrimoine-culturel.fr\/fr\/wp-content\/uploads\/2023\/11\/CCI_000002-1144x1536.jpg 1144w, http:\/\/master-patrimoine-culturel.fr\/fr\/wp-content\/uploads\/2023\/11\/CCI_000002-1525x2048.jpg 1525w, http:\/\/master-patrimoine-culturel.fr\/fr\/wp-content\/uploads\/2023\/11\/CCI_000002-scaled.jpg 1906w\" sizes=\"(max-width: 763px) 100vw, 763px\" \/><\/figure><div class=\"wp-block-media-text__content\">\n<p>Aussi souvent que la disponibilit\u00e9 des salles orl\u00e9anaises le permet, l&rsquo;Acad\u00e9mie tient des s\u00e9ances publiques ouvertes \u00e0 tous.<\/p>\n\n\n\n<p>Elle organise aussi chaque ann\u00e9e un colloque \u00ab Le printemps de l&rsquo;Acad\u00e9mie \u00bb et un d\u00eener d\u00e9bat en fin d&rsquo;ann\u00e9e.<\/p>\n\n\n\n<p>Les grands sujets de soci\u00e9t\u00e9 sont abord\u00e9s au cours de ces manifestations. L&rsquo;\u00e9nergie, la francophonie, l&rsquo;entreprise, l&rsquo;Europe, la finance internationale, le progr\u00e8s ont \u00e9t\u00e9 trait\u00e9s.<\/p>\n\n\n\n<p>Chaque ann\u00e9e, elle organise un voyage culturel r\u00e9serv\u00e9 \u00e0 ses membres et aux Amis de l&rsquo;Acad\u00e9mie.<\/p>\n<\/div><\/div>\n\n\n\n<figure class=\"wp-container-2 wp-block-gallery-1 wp-block-gallery has-nested-images columns-default is-cropped\">\n<figure class=\"wp-block-image size-large is-style-rounded\"><img loading=\"lazy\" width=\"768\" height=\"1024\" data-id=\"713\"  src=\"http:\/\/master-patrimoine-culturel.fr\/fr\/wp-content\/uploads\/2023\/11\/IMG-20231127-WA0013-768x1024.jpg\" alt=\"\" class=\"wp-image-713\" srcset=\"http:\/\/master-patrimoine-culturel.fr\/fr\/wp-content\/uploads\/2023\/11\/IMG-20231127-WA0013-768x1024.jpg 768w, http:\/\/master-patrimoine-culturel.fr\/fr\/wp-content\/uploads\/2023\/11\/IMG-20231127-WA0013-225x300.jpg 225w, http:\/\/master-patrimoine-culturel.fr\/fr\/wp-content\/uploads\/2023\/11\/IMG-20231127-WA0013-1152x1536.jpg 1152w, http:\/\/master-patrimoine-culturel.fr\/fr\/wp-content\/uploads\/2023\/11\/IMG-20231127-WA0013.jpg 1200w\" sizes=\"(max-width: 768px) 100vw, 768px\" \/><\/figure>\n\n\n\n<figure class=\"wp-block-image size-large is-style-rounded\"><img loading=\"lazy\" width=\"768\" height=\"1024\" data-id=\"714\"  src=\"http:\/\/master-patrimoine-culturel.fr\/fr\/wp-content\/uploads\/2023\/11\/IMG-20231127-WA0014-768x1024.jpg\" alt=\"\" class=\"wp-image-714\" srcset=\"http:\/\/master-patrimoine-culturel.fr\/fr\/wp-content\/uploads\/2023\/11\/IMG-20231127-WA0014-768x1024.jpg 768w, http:\/\/master-patrimoine-culturel.fr\/fr\/wp-content\/uploads\/2023\/11\/IMG-20231127-WA0014-225x300.jpg 225w, http:\/\/master-patrimoine-culturel.fr\/fr\/wp-content\/uploads\/2023\/11\/IMG-20231127-WA0014-1152x1536.jpg 1152w, http:\/\/master-patrimoine-culturel.fr\/fr\/wp-content\/uploads\/2023\/11\/IMG-20231127-WA0014.jpg 1200w\" sizes=\"(max-width: 768px) 100vw, 768px\" \/><\/figure>\n\n\n\n<figure class=\"wp-block-image size-large\"><img loading=\"lazy\" width=\"768\" height=\"1024\" data-id=\"712\"  src=\"http:\/\/master-patrimoine-culturel.fr\/fr\/wp-content\/uploads\/2023\/11\/IMG-20231127-WA0015-768x1024.jpg\" alt=\"\" class=\"wp-image-712\" srcset=\"http:\/\/master-patrimoine-culturel.fr\/fr\/wp-content\/uploads\/2023\/11\/IMG-20231127-WA0015-768x1024.jpg 768w, http:\/\/master-patrimoine-culturel.fr\/fr\/wp-content\/uploads\/2023\/11\/IMG-20231127-WA0015-225x300.jpg 225w, http:\/\/master-patrimoine-culturel.fr\/fr\/wp-content\/uploads\/2023\/11\/IMG-20231127-WA0015-1152x1536.jpg 1152w, http:\/\/master-patrimoine-culturel.fr\/fr\/wp-content\/uploads\/2023\/11\/IMG-20231127-WA0015.jpg 1200w\" sizes=\"(max-width: 768px) 100vw, 768px\" \/><\/figure>\n\n\n\n<figure class=\"wp-block-image size-large is-style-rounded\"><img loading=\"lazy\" width=\"768\" height=\"1024\" data-id=\"710\"  src=\"http:\/\/master-patrimoine-culturel.fr\/fr\/wp-content\/uploads\/2023\/11\/IMG-20231127-WA0016-768x1024.jpg\" alt=\"\" class=\"wp-image-710\" srcset=\"http:\/\/master-patrimoine-culturel.fr\/fr\/wp-content\/uploads\/2023\/11\/IMG-20231127-WA0016-768x1024.jpg 768w, http:\/\/master-patrimoine-culturel.fr\/fr\/wp-content\/uploads\/2023\/11\/IMG-20231127-WA0016-225x300.jpg 225w, http:\/\/master-patrimoine-culturel.fr\/fr\/wp-content\/uploads\/2023\/11\/IMG-20231127-WA0016-1152x1536.jpg 1152w, http:\/\/master-patrimoine-culturel.fr\/fr\/wp-content\/uploads\/2023\/11\/IMG-20231127-WA0016.jpg 1200w\" sizes=\"(max-width: 768px) 100vw, 768px\" \/><\/figure>\n\n\n\n<figure class=\"wp-block-image size-large is-style-rounded\"><img loading=\"lazy\" width=\"768\" height=\"1024\" data-id=\"719\"  src=\"http:\/\/master-patrimoine-culturel.fr\/fr\/wp-content\/uploads\/2023\/11\/IMG-20231127-WA0023-768x1024.jpg\" alt=\"\" class=\"wp-image-719\" srcset=\"http:\/\/master-patrimoine-culturel.fr\/fr\/wp-content\/uploads\/2023\/11\/IMG-20231127-WA0023-768x1024.jpg 768w, http:\/\/master-patrimoine-culturel.fr\/fr\/wp-content\/uploads\/2023\/11\/IMG-20231127-WA0023-225x300.jpg 225w, http:\/\/master-patrimoine-culturel.fr\/fr\/wp-content\/uploads\/2023\/11\/IMG-20231127-WA0023-1152x1536.jpg 1152w, http:\/\/master-patrimoine-culturel.fr\/fr\/wp-content\/uploads\/2023\/11\/IMG-20231127-WA0023.jpg 1200w\" sizes=\"(max-width: 768px) 100vw, 768px\" \/><\/figure>\n\n\n\n<figure class=\"wp-block-image size-large\"><img loading=\"lazy\" width=\"768\" height=\"1024\" data-id=\"718\"  src=\"http:\/\/master-patrimoine-culturel.fr\/fr\/wp-content\/uploads\/2023\/11\/IMG-20231127-WA0022-768x1024.jpg\" alt=\"\" class=\"wp-image-718\" srcset=\"http:\/\/master-patrimoine-culturel.fr\/fr\/wp-content\/uploads\/2023\/11\/IMG-20231127-WA0022-768x1024.jpg 768w, http:\/\/master-patrimoine-culturel.fr\/fr\/wp-content\/uploads\/2023\/11\/IMG-20231127-WA0022-225x300.jpg 225w, http:\/\/master-patrimoine-culturel.fr\/fr\/wp-content\/uploads\/2023\/11\/IMG-20231127-WA0022-1152x1536.jpg 1152w, http:\/\/master-patrimoine-culturel.fr\/fr\/wp-content\/uploads\/2023\/11\/IMG-20231127-WA0022.jpg 1200w\" sizes=\"(max-width: 768px) 100vw, 768px\" \/><\/figure>\n\n\n\n<figure class=\"wp-block-image size-large is-style-rounded\"><img loading=\"lazy\" width=\"768\" height=\"1024\" data-id=\"717\"  src=\"http:\/\/master-patrimoine-culturel.fr\/fr\/wp-content\/uploads\/2023\/11\/IMG-20231127-WA0021-768x1024.jpg\" alt=\"\" class=\"wp-image-717\" srcset=\"http:\/\/master-patrimoine-culturel.fr\/fr\/wp-content\/uploads\/2023\/11\/IMG-20231127-WA0021-768x1024.jpg 768w, http:\/\/master-patrimoine-culturel.fr\/fr\/wp-content\/uploads\/2023\/11\/IMG-20231127-WA0021-225x300.jpg 225w, http:\/\/master-patrimoine-culturel.fr\/fr\/wp-content\/uploads\/2023\/11\/IMG-20231127-WA0021-1152x1536.jpg 1152w, http:\/\/master-patrimoine-culturel.fr\/fr\/wp-content\/uploads\/2023\/11\/IMG-20231127-WA0021.jpg 1200w\" sizes=\"(max-width: 768px) 100vw, 768px\" \/><figcaption>Le Buste d&rsquo;Antoine Petit dans l&rsquo;escalier de l&rsquo;Acad\u00e9mie<\/figcaption><\/figure>\n<\/figure>\n\n\n\n<p><\/p>\n\n\n\n<p><\/p>\n\n\n\n<p><\/p>\n\n\n\n<p><\/p>\n\n\n\n<p><\/p>\n","protected":false},"excerpt":{"rendered":"<p>Histoire L&rsquo;Acad\u00e9mie d&rsquo;Orl\u00e9ans est l&rsquo;h\u00e9riti\u00e8re de soci\u00e9t\u00e9s savantes existant au XVIIIe si\u00e8cle. Supprim\u00e9e sous la R\u00e9volution, elle fut restaur\u00e9e en 1809 et d\u00e9cr\u00e9t\u00e9e d&rsquo;utilit\u00e9 publique le 5 mars 1875. Elle<a href=\"http:\/\/master-patrimoine-culturel.fr\/fr\/index.php\/lacademie-dagriculture-des-sciences-des-belles-lettres-et-des-arts\/\" class=\"more-link\"><span class=\"readmore\">Continue reading<span class=\"screen-reader-text\">L&rsquo;Acad\u00e9mie d&rsquo;agriculture, des sciences, des belles-lettres et des arts<\/span><\/span><\/a><\/p>\n","protected":false},"author":17,"featured_media":0,"parent":0,"menu_order":0,"comment_status":"closed","ping_status":"closed","template":"","meta":[],"_links":{"self":[{"href":"http:\/\/master-patrimoine-culturel.fr\/fr\/index.php\/wp-json\/wp\/v2\/pages\/623"}],"collection":[{"href":"http:\/\/master-patrimoine-culturel.fr\/fr\/index.php\/wp-json\/wp\/v2\/pages"}],"about":[{"href":"http:\/\/master-patrimoine-culturel.fr\/fr\/index.php\/wp-json\/wp\/v2\/types\/page"}],"author":[{"embeddable":true,"href":"http:\/\/master-patrimoine-culturel.fr\/fr\/index.php\/wp-json\/wp\/v2\/users\/17"}],"replies":[{"embeddable":true,"href":"http:\/\/master-patrimoine-culturel.fr\/fr\/index.php\/wp-json\/wp\/v2\/comments?post=623"}],"version-history":[{"count":9,"href":"http:\/\/master-patrimoine-culturel.fr\/fr\/index.php\/wp-json\/wp\/v2\/pages\/623\/revisions"}],"predecessor-version":[{"id":722,"href":"http:\/\/master-patrimoine-culturel.fr\/fr\/index.php\/wp-json\/wp\/v2\/pages\/623\/revisions\/722"}],"wp:attachment":[{"href":"http:\/\/master-patrimoine-culturel.fr\/fr\/index.php\/wp-json\/wp\/v2\/media?parent=623"}],"curies":[{"name":"wp","href":"https:\/\/api.w.org\/{rel}","templated":true}]}}