{"id":70,"date":"2022-10-17T15:02:59","date_gmt":"2022-10-17T13:02:59","guid":{"rendered":"http:\/\/master-patrimoine-culturel.fr\/fr\/?page_id=70"},"modified":"2022-11-28T14:48:15","modified_gmt":"2022-11-28T13:48:15","slug":"debouches","status":"publish","type":"page","link":"http:\/\/master-patrimoine-culturel.fr\/fr\/index.php\/debouches\/","title":{"rendered":"D\u00e9bouch\u00e9s"},"content":{"rendered":"\n<div class=\"wp-container-3 wp-block-columns\">\n<div class=\"wp-container-1 wp-block-column\">\n<h2 class=\"has-text-align-center has-gold-background-color has-background\">Secteurs vis\u00e9s<\/h2>\n\n\n\n<ul class=\"has-black-color has-white-background-color has-text-color has-background\"><li>Collectivit\u00e9s territoriales, administrations publiques de la culture<\/li><li>Entreprises priv\u00e9es gestionnaires de ch\u00e2teaux, mus\u00e9es et sites<\/li><li>Associations, EPCC (Etablissement Public de Coop\u00e9ration Culturelle)<\/li><li>Offices de tourisme<\/li><li>SEM (Soci\u00e9t\u00e9s d\u2019Economie Mixte)<\/li><\/ul>\n<\/div>\n\n\n\n<div class=\"wp-container-2 wp-block-column\">\n<h2 class=\"has-text-align-center has-gold-background-color has-background\" id=\"block-8f437ac1-b526-4333-b404-799a689e46d1\">M\u00e9tiers vis\u00e9s<\/h2>\n\n\n\n<ul id=\"block-0b183abc-75a4-4bbc-a760-3fa9506002c9\" class=\"has-black-color has-text-color\"><li>Responsable de la politique culturelle<\/li><li>M\u00e9diateur du patrimoine<\/li><li>Conseiller en gestion du patrimoine<\/li><li>Animateur du patrimoine<\/li><li>Charg\u00e9 de mission<\/li><li>Cadre dans les \u00e9tablissements publics de coop\u00e9ration culturelle (EPCC)<\/li><li>Directeur des services culturels des collectivit\u00e9s et intercommunalit\u00e9s<\/li><li>Attach\u00e9 de conservation dans les mus\u00e9es et ch\u00e2teaux<\/li><\/ul>\n<\/div>\n<\/div>\n","protected":false},"excerpt":{"rendered":"<p>Secteurs vis\u00e9s Collectivit\u00e9s territoriales, administrations publiques de la culture Entreprises priv\u00e9es gestionnaires de ch\u00e2teaux, mus\u00e9es et sites Associations, EPCC (Etablissement Public de Coop\u00e9ration Culturelle) Offices de tourisme SEM (Soci\u00e9t\u00e9s d\u2019Economie<a href=\"http:\/\/master-patrimoine-culturel.fr\/fr\/index.php\/debouches\/\" class=\"more-link\"><span class=\"readmore\">Continue reading<span class=\"screen-reader-text\">D\u00e9bouch\u00e9s<\/span><\/span><\/a><\/p>\n","protected":false},"author":5,"featured_media":0,"parent":0,"menu_order":0,"comment_status":"closed","ping_status":"closed","template":"","meta":[],"_links":{"self":[{"href":"http:\/\/master-patrimoine-culturel.fr\/fr\/index.php\/wp-json\/wp\/v2\/pages\/70"}],"collection":[{"href":"http:\/\/master-patrimoine-culturel.fr\/fr\/index.php\/wp-json\/wp\/v2\/pages"}],"about":[{"href":"http:\/\/master-patrimoine-culturel.fr\/fr\/index.php\/wp-json\/wp\/v2\/types\/page"}],"author":[{"embeddable":true,"href":"http:\/\/master-patrimoine-culturel.fr\/fr\/index.php\/wp-json\/wp\/v2\/users\/5"}],"replies":[{"embeddable":true,"href":"http:\/\/master-patrimoine-culturel.fr\/fr\/index.php\/wp-json\/wp\/v2\/comments?post=70"}],"version-history":[{"count":15,"href":"http:\/\/master-patrimoine-culturel.fr\/fr\/index.php\/wp-json\/wp\/v2\/pages\/70\/revisions"}],"predecessor-version":[{"id":530,"href":"http:\/\/master-patrimoine-culturel.fr\/fr\/index.php\/wp-json\/wp\/v2\/pages\/70\/revisions\/530"}],"wp:attachment":[{"href":"http:\/\/master-patrimoine-culturel.fr\/fr\/index.php\/wp-json\/wp\/v2\/media?parent=70"}],"curies":[{"name":"wp","href":"https:\/\/api.w.org\/{rel}","templated":true}]}}