{"id":817,"date":"2025-07-04T18:28:00","date_gmt":"2025-07-04T16:28:00","guid":{"rendered":"http:\/\/master-patrimoine-culturel.fr\/fr\/?page_id=817"},"modified":"2025-07-04T19:00:32","modified_gmt":"2025-07-04T17:00:32","slug":"maquette-du-diplome-m1-m2","status":"publish","type":"page","link":"http:\/\/master-patrimoine-culturel.fr\/fr\/index.php\/maquette-du-diplome-m1-m2\/","title":{"rendered":"Maquette Du Dipl\u00f4me M1 -M2"},"content":{"rendered":"\n<style>\n  .responsive-table {\n    width: 100%;\n    border-collapse: collapse;\n    font-family: Arial, sans-serif;\n  }\n  .responsive-table th, .responsive-table td {\n    border: 1px solid #ddd;\n    padding: 10px;\n    text-align: left;\n  }\n  .responsive-table th {\n    background-color: #003366;\n    color: white;\n  }\n  .responsive-table .bloc-header {\n    background-color: #cccccc;\n    font-weight: bold;\n    text-align: center;\n    font-size: 1.1em;\n  }\n  .responsive-table .semester-header {\n    background-color: #999999;\n    color: white;\n    font-weight: bold;\n    text-align: center;\n    font-size: 1.2em;\n  }\n  @media screen and (max-width: 768px) {\n    .responsive-table thead {\n      display: none;\n    }\n    .responsive-table, .responsive-table tbody, .responsive-table tr, .responsive-table td {\n      display: block;\n      width: 100%;\n    }\n    .responsive-table tr {\n      margin-bottom: 15px;\n    }\n    .responsive-table td {\n      text-align: right;\n      padding-left: 50%;\n      position: relative;\n    }\n    .responsive-table td::before {\n      content: attr(data-label);\n      position: absolute;\n      left: 15px;\n      width: 45%;\n      white-space: nowrap;\n      font-weight: bold;\n      color: #003366;\n    }\n  }\n<\/style>\n\n<table class=\"responsive-table\">\n  <tbody>\n\n    <!-- Semestre 7 -->\n    <tr><td colspan=\"4\" class=\"semester-header\">Semestre 7<\/td><\/tr>\n    <tr><td colspan=\"4\" class=\"bloc-header\">Bloc 1 &#8211; Tronc commun<\/td><\/tr>\n    <tr><th>Intitul\u00e9<\/th><th>CM<\/th><th>TD<\/th><th>ECTS<\/th><\/tr>\n    <tr><td>Droit des collectivit\u00e9s territoriales<\/td><td>30h<\/td><td>12h<\/td><td>6<\/td><\/tr>\n    <tr><td>Droit des services publics<\/td><td>30h<\/td><td>_<\/td><td>3<\/td><\/tr>\n    <tr><td>Histoire de la d\u00e9centralisation<\/td><td>20h<\/td><td>_<\/td><td>2<\/td><\/tr>\n    <tr><td>Droit et gestion des agents publics<\/td><td>30h<\/td><td>_<\/td><td>3<\/td><\/tr>\n    <tr><td>Langue vivante<\/td><td>_<\/td><td>8h<\/td><td>2<\/td><\/tr>\n    <tr><td colspan=\"4\" class=\"bloc-header\">Bloc 2 &#8211; Option Gestion locale du patrimoine culturel<\/td><\/tr>\n    <tr><td>Urbanisme<\/td><td>30h<\/td><td>_<\/td><td>4<\/td><\/tr>\n    <tr><td>Institutions du patrimoine et de l&rsquo;urbanisme<\/td><td>14h<\/td><td>_<\/td><td>2<\/td><\/tr>\n    <tr><td>Sources iconographiques contemporaines<\/td><td>_<\/td><td>24h<\/td><td>2<\/td><\/tr>\n    <tr><td>Terre et paysage de l&rsquo;eau : contextualisation soci\u00e9tale<\/td><td>9h<\/td><td>6h<\/td><td>2<\/td><\/tr>\n    <tr><td>Patrimoine culturel et naturel de l&rsquo;eau<\/td><td>9h<\/td><td>6h<\/td><td>2<\/td><\/tr>\n    <tr><td>Note de synth\u00e8se<\/td><td>2h<\/td><td>12h<\/td><td>2<\/td><\/tr>\n    <tr><td>Expo FRAC<\/td><td>7,5h<\/td><td>&#8211;<\/td><td>_<\/td><\/tr>\n\n    <!-- Semestre 8 -->\n    <tr><td colspan=\"4\" class=\"semester-header\">Semestre 8<\/td><\/tr>\n    <tr><td colspan=\"4\" class=\"bloc-header\">Bloc 1 &#8211; Tronc commun<\/td><\/tr>\n    <tr><td>Droit public de la r\u00e9gulation \u00e9conomique<\/td><td>30h<\/td><td>_<\/td><td>4<\/td><\/tr>\n    <tr><td>Droit et politique de l&rsquo;environnement<\/td><td>30h<\/td><td>_<\/td><td>4<\/td><\/tr>\n    <tr><td>Commande publique<\/td><td>30h<\/td><td>_<\/td><td>4<\/td><\/tr>\n    <tr><td>Langue vivante<\/td><td>_<\/td><td>8h<\/td><td>2<\/td><\/tr>\n    <tr><td>Stage sans suivi, engagement b\u00e9n\u00e9vole, projet associatif (facultatif)<\/td><td>&#8211;<\/td><td>&#8211;<\/td><td>&#8211;<\/td><\/tr>\n    <tr><td colspan=\"4\" class=\"bloc-header\">Bloc 2 &#8211; Option Gestion locale du patrimoine culturel<\/td><\/tr>\n    <tr><td>Sources iconographiques contemporaines<\/td><td>_<\/td><td>24h<\/td><td>&#8211;<\/td><\/tr>\n    <tr><td>Expo FRAC<\/td><td>7,5h<\/td><td>&#8211;<\/td><td>_<\/td><\/tr>\n    <tr><td>M\u00e9tiers des mus\u00e9es<\/td><td>20h<\/td><td>&#8211;<\/td><td>&#8211;<\/td><\/tr>\n\n    <!-- Semestre 9 -->\n    <tr><td colspan=\"4\" class=\"semester-header\">Semestre 9<\/td><\/tr>\n    <tr><td colspan=\"4\" class=\"bloc-header\">Bloc 1 &#8211; Droit et politique du patrimoine<\/td><\/tr>\n    <tr><td>Droit des Biens culturels\/Mus\u00e9e\/arch\u00e9ologie<\/td><td>10h<\/td><td>_<\/td><td>4<\/td><\/tr>\n    <tr><td>Propri\u00e9t\u00e9 intellectuelle et droit d\u2019auteurs<\/td><td>10h<\/td><td>&#8211;<\/td><td>&#8211;<\/td><\/tr>\n    <tr><td>Histoire du patrimoine<\/td><td>15h<\/td><td>_<\/td><td>3<\/td><\/tr>\n    <tr><td>Politique culturelle et droits culturels<\/td><td>15h<\/td><td>_<\/td><td>3<\/td><\/tr>\n\n    <tr><td colspan=\"4\" class=\"bloc-header\">Bloc 2 &#8211; Patrimoine tourisme et d\u00e9veloppement<\/td><\/tr>\n    <tr><td>Patrimoine &amp; tourisme<\/td><td>10h<\/td><td>5h<\/td><td>_<\/td><\/tr>\n    <tr><td>M\u00e9c\u00e9nat &amp; financements<\/td><td>10h<\/td><td>5h<\/td><td>_<\/td><\/tr>\n    <tr><td>Marketing et labels patrimoniaux<\/td><td>10h<\/td><td>&#8211;<\/td><td>&#8211;<\/td><\/tr>\n\n    <tr><td colspan=\"4\" class=\"bloc-header\">Bloc 3 &#8211; Publics &amp; m\u00e9diation culturelle<\/td><\/tr>\n    <tr><td>\u00c9tude &amp; accueil des publics<\/td><td>8h<\/td><td>4h<\/td><td>_<\/td><\/tr>\n    <tr><td>M\u00e9diation culturelle<\/td><td>10h<\/td><td>5h<\/td><td>_<\/td><\/tr>\n    <tr><td>Nouveaux outils de m\u00e9diation et animation in situ<\/td><td>8h<\/td><td>&#8211;<\/td><td>&#8211;<\/td><\/tr>\n\n    <tr><td colspan=\"4\" class=\"bloc-header\">Bloc 4 &#8211; M\u00e9thodologie de projets &amp; communication<\/td><\/tr>\n    <tr><td>Traitement de l\u2019image<\/td><td>_<\/td><td>9h<\/td><td>&#8211;<\/td><\/tr>\n    <tr><td>Site web et syst\u00e8me de gestion de contenu<\/td><td>_<\/td><td>9h<\/td><td>&#8211;<\/td><\/tr>\n    <tr><td>M\u00e9thodologie de projet et cas pratique<\/td><td>10h<\/td><td>5h<\/td><td>_<\/td><\/tr>\n\n    <!-- Semestre 10 -->\n    <tr><td colspan=\"4\" class=\"semester-header\">Semestre 10<\/td><\/tr>\n    <tr><td colspan=\"4\" class=\"bloc-header\">Bloc 5 &#8211; Audit &amp; gestion d\u2019un service patrimonial<\/td><\/tr>\n    <tr><td>Audit, contr\u00f4le &amp; gestion financi\u00e8re<\/td><td>20h<\/td><td>5h<\/td><td>4<\/td><\/tr>\n    <tr><td>Modes administratifs de gestion d\u2019un \u00e9quipement culturel<\/td><td>15h<\/td><td>5h<\/td><td>4<\/td><\/tr>\n\n    <tr><td colspan=\"4\" class=\"bloc-header\">Bloc 6 &#8211; Les patrimoines sur le territoire<\/td><\/tr>\n    <tr><td>Typologie &amp; diversit\u00e9 patrimoniale culturelle<\/td><td>15h<\/td><td>5h<\/td><td>_<\/td><\/tr>\n    <tr><td>Conna\u00eetre le patrimoine : service de l\u2019inventaire<\/td><td>9h<\/td><td>&#8211;<\/td><td>&#8211;<\/td><\/tr>\n    <tr><td>Histoire et vocabulaire de l\u2019art<\/td><td>20h<\/td><td>&#8211;<\/td><td>&#8211;<\/td><\/tr>\n    <tr><td>Fiche d&rsquo;\u0153uvre DRAC<\/td><td>5h<\/td><td>&#8211;<\/td><td>&#8211;<\/td><\/tr>\n\n    <tr><td colspan=\"4\" class=\"bloc-header\">Bloc 7 &#8211; Droit &amp; conservation du patrimoine<\/td><\/tr>\n    <tr><td>Conservation pr\u00e9ventive, restauration, transport, assurance des \u0153uvres<\/td><td>16h<\/td><td>&#8211;<\/td><td>&#8211;<\/td><\/tr>\n    <tr><td>Architecture et patrimoine<\/td><td>12h<\/td><td>&#8211;<\/td><td>&#8211;<\/td><\/tr>\n\n    <tr><td colspan=\"4\" class=\"bloc-header\">Bloc 8 &#8211; Exp\u00e9rience professionnelle &amp; conduite de projet<\/td><\/tr>\n    <tr><td>Ateliers de recherche, rapport de stage ou d\u2019apprentissage<\/td><td>_<\/td><td>&#8211;<\/td><td>_<\/td><\/tr>\n    <tr><td>Projet tutor\u00e9<\/td><td>&#8211;<\/td><td>&#8211;<\/td><td>_<\/td><\/tr>\n\n  <\/tbody>\n<\/table>\n","protected":false},"excerpt":{"rendered":"<p>Semestre 7 Bloc 1 &#8211; Tronc commun Intitul\u00e9 CM TD ECTS Droit des collectivit\u00e9s territoriales 30h 12h 6 Droit des services publics 30h _ 3 Histoire de la d\u00e9centralisation 20h<a href=\"http:\/\/master-patrimoine-culturel.fr\/fr\/index.php\/maquette-du-diplome-m1-m2\/\" class=\"more-link\"><span class=\"readmore\">Continue reading<span class=\"screen-reader-text\">Maquette Du Dipl\u00f4me M1 -M2<\/span><\/span><\/a><\/p>\n","protected":false},"author":1,"featured_media":0,"parent":0,"menu_order":0,"comment_status":"closed","ping_status":"closed","template":"","meta":[],"_links":{"self":[{"href":"http:\/\/master-patrimoine-culturel.fr\/fr\/index.php\/wp-json\/wp\/v2\/pages\/817"}],"collection":[{"href":"http:\/\/master-patrimoine-culturel.fr\/fr\/index.php\/wp-json\/wp\/v2\/pages"}],"about":[{"href":"http:\/\/master-patrimoine-culturel.fr\/fr\/index.php\/wp-json\/wp\/v2\/types\/page"}],"author":[{"embeddable":true,"href":"http:\/\/master-patrimoine-culturel.fr\/fr\/index.php\/wp-json\/wp\/v2\/users\/1"}],"replies":[{"embeddable":true,"href":"http:\/\/master-patrimoine-culturel.fr\/fr\/index.php\/wp-json\/wp\/v2\/comments?post=817"}],"version-history":[{"count":13,"href":"http:\/\/master-patrimoine-culturel.fr\/fr\/index.php\/wp-json\/wp\/v2\/pages\/817\/revisions"}],"predecessor-version":[{"id":836,"href":"http:\/\/master-patrimoine-culturel.fr\/fr\/index.php\/wp-json\/wp\/v2\/pages\/817\/revisions\/836"}],"wp:attachment":[{"href":"http:\/\/master-patrimoine-culturel.fr\/fr\/index.php\/wp-json\/wp\/v2\/media?parent=817"}],"curies":[{"name":"wp","href":"https:\/\/api.w.org\/{rel}","templated":true}]}}