{"id":89,"date":"2022-10-17T15:19:53","date_gmt":"2022-10-17T13:19:53","guid":{"rendered":"http:\/\/master-patrimoine-culturel.fr\/fr\/?page_id=89"},"modified":"2022-11-28T15:05:32","modified_gmt":"2022-11-28T14:05:32","slug":"accueil-des-publics-dun-musee","status":"publish","type":"page","link":"http:\/\/master-patrimoine-culturel.fr\/fr\/index.php\/accueil-des-publics-dun-musee\/","title":{"rendered":"Accueil des publics d&rsquo;un mus\u00e9e"},"content":{"rendered":"\n<ul><li><strong>Accueillir<\/strong>,<strong> informer et conseiller<\/strong> les visiteurs fran\u00e7ais et \u00e9trangers sur l\u2019offre et les conditions de visite du Mus\u00e9e,<\/li><\/ul>\n\n\n\n<p><\/p>\n\n\n\n<ul><li><strong>Participer au traitement des r\u00e9servations<\/strong>, \u00e0 la planification et au suivi des activit\u00e9s de m\u00e9diation culturelle,<\/li><\/ul>\n\n\n\n<p><\/p>\n\n\n\n<ul><li><strong>Assurer l\u2019accompagnement des groupes<\/strong> de visiteurs par la r\u00e9alisation de visites g\u00e9n\u00e9rales,<\/li><\/ul>\n\n\n\n<p><\/p>\n\n\n\n<ul><li><strong>Elaborer<\/strong>, proposer et mettre en \u0153uvre des supports de promotion des produits de m\u00e9diation culturelle,<\/li><\/ul>\n\n\n\n<p><\/p>\n\n\n\n<ul><li><strong>Concevoir,<\/strong> proposer et animer des produits de m\u00e9diation culturelle en lien avec les th\u00e9matiques du Mus\u00e9e,<\/li><\/ul>\n\n\n\n<p><\/p>\n\n\n\n<ul><li><strong>Participer \u00e0 l\u2019actualisation des supports d\u2019information<\/strong> (documents imprim\u00e9s et num\u00e9riques) du Mus\u00e9e<\/li><\/ul>\n","protected":false},"excerpt":{"rendered":"<p>Accueillir, informer et conseiller les visiteurs fran\u00e7ais et \u00e9trangers sur l\u2019offre et les conditions de visite du Mus\u00e9e, Participer au traitement des r\u00e9servations, \u00e0 la planification et au suivi des<a href=\"http:\/\/master-patrimoine-culturel.fr\/fr\/index.php\/accueil-des-publics-dun-musee\/\" class=\"more-link\"><span class=\"readmore\">Continue reading<span class=\"screen-reader-text\">Accueil des publics d&rsquo;un mus\u00e9e<\/span><\/span><\/a><\/p>\n","protected":false},"author":3,"featured_media":0,"parent":0,"menu_order":0,"comment_status":"closed","ping_status":"closed","template":"","meta":[],"_links":{"self":[{"href":"http:\/\/master-patrimoine-culturel.fr\/fr\/index.php\/wp-json\/wp\/v2\/pages\/89"}],"collection":[{"href":"http:\/\/master-patrimoine-culturel.fr\/fr\/index.php\/wp-json\/wp\/v2\/pages"}],"about":[{"href":"http:\/\/master-patrimoine-culturel.fr\/fr\/index.php\/wp-json\/wp\/v2\/types\/page"}],"author":[{"embeddable":true,"href":"http:\/\/master-patrimoine-culturel.fr\/fr\/index.php\/wp-json\/wp\/v2\/users\/3"}],"replies":[{"embeddable":true,"href":"http:\/\/master-patrimoine-culturel.fr\/fr\/index.php\/wp-json\/wp\/v2\/comments?post=89"}],"version-history":[{"count":6,"href":"http:\/\/master-patrimoine-culturel.fr\/fr\/index.php\/wp-json\/wp\/v2\/pages\/89\/revisions"}],"predecessor-version":[{"id":553,"href":"http:\/\/master-patrimoine-culturel.fr\/fr\/index.php\/wp-json\/wp\/v2\/pages\/89\/revisions\/553"}],"wp:attachment":[{"href":"http:\/\/master-patrimoine-culturel.fr\/fr\/index.php\/wp-json\/wp\/v2\/media?parent=89"}],"curies":[{"name":"wp","href":"https:\/\/api.w.org\/{rel}","templated":true}]}}